{"id":917,"date":"2024-09-06T10:56:05","date_gmt":"2024-09-06T10:56:05","guid":{"rendered":"https:\/\/mayoreosdelcentro.com\/?post_type=product&#038;p=917"},"modified":"2024-09-06T10:56:05","modified_gmt":"2024-09-06T10:56:05","slug":"pantalon-deportivo","status":"publish","type":"product","link":"https:\/\/mayoreosdelcentro.com\/?product=pantalon-deportivo","title":{"rendered":"Pantal\u00f3n deportivo"},"content":{"rendered":"<p>Composici\u00f3n: 85% algod\u00f3n, 15% poli\u00e9ster<\/p>\n<p>Cuidado de lavado: Lavar a mano o en maquina con agua fr\u00eda, no lavar en seco, no blanquear, secar al natural.<\/p>\n","protected":false},"excerpt":{"rendered":"<p>Pantal\u00f3n deportivo afelpado unisex<\/p>\n","protected":false},"featured_media":0,"template":"","meta":{"_monsterinsights_skip_tracking":false,"_monsterinsights_sitenote_active":false,"_monsterinsights_sitenote_note":"","_monsterinsights_sitenote_category":0},"product_brand":[],"product_cat":[90,25,44,54,91],"product_tag":[93,89,92,95],"class_list":{"0":"post-917","1":"product","2":"type-product","3":"status-publish","5":"product_cat-dasein","6":"product_cat-hombre","7":"product_cat-mujer","8":"product_cat-ropa-deportiva","9":"product_cat-ropa-deportiva-mujer","10":"product_tag-dasein","11":"product_tag-pantalon","12":"product_tag-ropa-deportiva","13":"product_tag-unisex","15":"first","16":"instock","17":"taxable","18":"shipping-taxable","19":"product-type-variable"},"jetpack_sharing_enabled":true,"_links":{"self":[{"href":"https:\/\/mayoreosdelcentro.com\/index.php?rest_route=\/wp\/v2\/product\/917","targetHints":{"allow":["GET"]}}],"collection":[{"href":"https:\/\/mayoreosdelcentro.com\/index.php?rest_route=\/wp\/v2\/product"}],"about":[{"href":"https:\/\/mayoreosdelcentro.com\/index.php?rest_route=\/wp\/v2\/types\/product"}],"wp:attachment":[{"href":"https:\/\/mayoreosdelcentro.com\/index.php?rest_route=%2Fwp%2Fv2%2Fmedia&parent=917"}],"wp:term":[{"taxonomy":"product_brand","embeddable":true,"href":"https:\/\/mayoreosdelcentro.com\/index.php?rest_route=%2Fwp%2Fv2%2Fproduct_brand&post=917"},{"taxonomy":"product_cat","embeddable":true,"href":"https:\/\/mayoreosdelcentro.com\/index.php?rest_route=%2Fwp%2Fv2%2Fproduct_cat&post=917"},{"taxonomy":"product_tag","embeddable":true,"href":"https:\/\/mayoreosdelcentro.com\/index.php?rest_route=%2Fwp%2Fv2%2Fproduct_tag&post=917"}],"curies":[{"name":"wp","href":"https:\/\/api.w.org\/{rel}","templated":true}]}}