{"id":59,"date":"2024-03-22T13:46:40","date_gmt":"2024-03-22T13:46:40","guid":{"rendered":"https:\/\/mayoreosdelcentro.com\/?post_type=product&#038;p=59"},"modified":"2025-07-10T15:13:31","modified_gmt":"2025-07-10T15:13:31","slug":"camisa-blanca-lavin-manga-larga","status":"publish","type":"product","link":"https:\/\/mayoreosdelcentro.com\/?product=camisa-blanca-lavin-manga-larga","title":{"rendered":"Camisa Lavin blanca de manga larga con bolsa"},"content":{"rendered":"<p>Camisa en corte regular con manga larga y una bolsa al frente. Estas camisas son perfectas para uniformes ya sea para uso\u00a0 empresarial o escolar. La composici\u00f3n de las camisas es 80% poli\u00e9ster y 20% algod\u00f3n.<\/p>\n<p>Disponible en tallas: 34-36-38-40-42-44-46-48-50<\/p>\n","protected":false},"excerpt":{"rendered":"<p>Camisa blanca en manga larga con una bolsa al frente.<\/p>\n<p>Composici\u00f3n: 80% poli\u00e9ster y 20% algod\u00f3n<\/p>\n<p>Tallas: 34-36-38-40-42-44-46-48-50<\/p>\n<p>Corte: Regular<\/p>\n","protected":false},"featured_media":377,"template":"","meta":{"_monsterinsights_skip_tracking":false,"_monsterinsights_sitenote_active":false,"_monsterinsights_sitenote_note":"","_monsterinsights_sitenote_category":0},"product_brand":[],"product_cat":[26,23,25],"product_tag":[22,27,28,30,109,29],"class_list":{"0":"post-59","1":"product","2":"type-product","3":"status-publish","4":"has-post-thumbnail","6":"product_cat-camisas","7":"product_cat-escolar","8":"product_cat-hombre","9":"product_tag-blanco","10":"product_tag-camisas","11":"product_tag-escolar","12":"product_tag-hombre","13":"product_tag-lavin","14":"product_tag-uniforme","16":"first","17":"instock","18":"taxable","19":"shipping-taxable","20":"purchasable","21":"product-type-variable","22":"has-default-attributes"},"jetpack_sharing_enabled":true,"_links":{"self":[{"href":"https:\/\/mayoreosdelcentro.com\/index.php?rest_route=\/wp\/v2\/product\/59","targetHints":{"allow":["GET"]}}],"collection":[{"href":"https:\/\/mayoreosdelcentro.com\/index.php?rest_route=\/wp\/v2\/product"}],"about":[{"href":"https:\/\/mayoreosdelcentro.com\/index.php?rest_route=\/wp\/v2\/types\/product"}],"wp:featuredmedia":[{"embeddable":true,"href":"https:\/\/mayoreosdelcentro.com\/index.php?rest_route=\/wp\/v2\/media\/377"}],"wp:attachment":[{"href":"https:\/\/mayoreosdelcentro.com\/index.php?rest_route=%2Fwp%2Fv2%2Fmedia&parent=59"}],"wp:term":[{"taxonomy":"product_brand","embeddable":true,"href":"https:\/\/mayoreosdelcentro.com\/index.php?rest_route=%2Fwp%2Fv2%2Fproduct_brand&post=59"},{"taxonomy":"product_cat","embeddable":true,"href":"https:\/\/mayoreosdelcentro.com\/index.php?rest_route=%2Fwp%2Fv2%2Fproduct_cat&post=59"},{"taxonomy":"product_tag","embeddable":true,"href":"https:\/\/mayoreosdelcentro.com\/index.php?rest_route=%2Fwp%2Fv2%2Fproduct_tag&post=59"}],"curies":[{"name":"wp","href":"https:\/\/api.w.org\/{rel}","templated":true}]}}