{"id":434,"date":"2024-05-13T16:01:21","date_gmt":"2024-05-13T16:01:21","guid":{"rendered":"https:\/\/mayoreosdelcentro.com\/?post_type=product&#038;p=434"},"modified":"2024-05-14T09:10:11","modified_gmt":"2024-05-14T09:10:11","slug":"6-pares-calceta-wilson","status":"publish","type":"product","link":"https:\/\/mayoreosdelcentro.com\/?product=6-pares-calceta-wilson","title":{"rendered":"6 Pares Calceta Wilson"},"content":{"rendered":"<p>Disfruta de tus rutinas de ejercicio con las <strong>calcetas deportivas<\/strong> de la marca <strong>Wilson<\/strong> y si\u00e9ntete siempre c\u00f3modo.<\/p>\n<p>Set de<strong> seis pares<\/strong> en color negro, blanco o gris\u00a0 con el logotipo de la marca. Poseen costuras suaves y ajustan muy c\u00f3modamente por su combinaci\u00f3n de materiales como <strong>poli\u00e9ster <\/strong>y <strong>algod\u00f3n <\/strong>que adem\u00e1s te permiten transpirar.<\/p>\n<p>&nbsp;<\/p>\n<p>Precios de mayoreo exclusivos de tienda f\u00edsica Ropa Mexico S.A. de C.V.<\/p>\n<p>&nbsp;<\/p>\n","protected":false},"excerpt":{"rendered":"<p>Bolsa con set de 6 pares de calceta deportiva marca Wilson.<\/p>\n<p>Elige el color que m\u00e1s te guste.<\/p>\n","protected":false},"featured_media":435,"template":"","meta":{"_monsterinsights_skip_tracking":false,"_monsterinsights_sitenote_active":false,"_monsterinsights_sitenote_note":"","_monsterinsights_sitenote_category":0},"product_brand":[],"product_cat":[46,25,54,57],"product_tag":[33,56,30,55],"class_list":{"0":"post-434","1":"product","2":"type-product","3":"status-publish","4":"has-post-thumbnail","6":"product_cat-boneteria","7":"product_cat-hombre","8":"product_cat-ropa-deportiva","9":"product_cat-wilson","10":"product_tag-calcetas","11":"product_tag-deportivo","12":"product_tag-hombre","13":"product_tag-wilson","15":"first","16":"instock","17":"taxable","18":"shipping-taxable","19":"product-type-variable"},"jetpack_sharing_enabled":true,"_links":{"self":[{"href":"https:\/\/mayoreosdelcentro.com\/index.php?rest_route=\/wp\/v2\/product\/434","targetHints":{"allow":["GET"]}}],"collection":[{"href":"https:\/\/mayoreosdelcentro.com\/index.php?rest_route=\/wp\/v2\/product"}],"about":[{"href":"https:\/\/mayoreosdelcentro.com\/index.php?rest_route=\/wp\/v2\/types\/product"}],"wp:featuredmedia":[{"embeddable":true,"href":"https:\/\/mayoreosdelcentro.com\/index.php?rest_route=\/wp\/v2\/media\/435"}],"wp:attachment":[{"href":"https:\/\/mayoreosdelcentro.com\/index.php?rest_route=%2Fwp%2Fv2%2Fmedia&parent=434"}],"wp:term":[{"taxonomy":"product_brand","embeddable":true,"href":"https:\/\/mayoreosdelcentro.com\/index.php?rest_route=%2Fwp%2Fv2%2Fproduct_brand&post=434"},{"taxonomy":"product_cat","embeddable":true,"href":"https:\/\/mayoreosdelcentro.com\/index.php?rest_route=%2Fwp%2Fv2%2Fproduct_cat&post=434"},{"taxonomy":"product_tag","embeddable":true,"href":"https:\/\/mayoreosdelcentro.com\/index.php?rest_route=%2Fwp%2Fv2%2Fproduct_tag&post=434"}],"curies":[{"name":"wp","href":"https:\/\/api.w.org\/{rel}","templated":true}]}}