{"id":360,"date":"2024-05-07T21:02:07","date_gmt":"2024-05-07T21:02:07","guid":{"rendered":"https:\/\/mayoreosdelcentro.com\/?post_type=product&#038;p=360"},"modified":"2024-05-07T21:03:43","modified_gmt":"2024-05-07T21:03:43","slug":"calcetin-diabx-sin-costuras","status":"publish","type":"product","link":"https:\/\/mayoreosdelcentro.com\/?product=calcetin-diabx-sin-costuras","title":{"rendered":"Calcet\u00edn Diabx sin costuras"},"content":{"rendered":"","protected":false},"excerpt":{"rendered":"<p>Calcet\u00edn libre de costuras perfecto para personas con diabetes. Esta versi\u00f3n sin felpa hace que el calcet\u00edn sea delgado y fresco perfecto para climas c\u00e1lidos.<\/p>\n","protected":false},"featured_media":0,"template":"","meta":{"_monsterinsights_skip_tracking":false,"_monsterinsights_sitenote_active":false,"_monsterinsights_sitenote_note":"","_monsterinsights_sitenote_category":0},"product_brand":[],"product_cat":[46,25],"product_tag":[47,48,50,30],"class_list":{"0":"post-360","1":"product","2":"type-product","3":"status-publish","5":"product_cat-boneteria","6":"product_cat-hombre","7":"product_tag-boneteria","8":"product_tag-calcetines","9":"product_tag-diabetes","10":"product_tag-hombre","12":"first","13":"instock","14":"taxable","15":"shipping-taxable","16":"purchasable","17":"product-type-simple"},"jetpack_sharing_enabled":true,"_links":{"self":[{"href":"https:\/\/mayoreosdelcentro.com\/index.php?rest_route=\/wp\/v2\/product\/360","targetHints":{"allow":["GET"]}}],"collection":[{"href":"https:\/\/mayoreosdelcentro.com\/index.php?rest_route=\/wp\/v2\/product"}],"about":[{"href":"https:\/\/mayoreosdelcentro.com\/index.php?rest_route=\/wp\/v2\/types\/product"}],"wp:attachment":[{"href":"https:\/\/mayoreosdelcentro.com\/index.php?rest_route=%2Fwp%2Fv2%2Fmedia&parent=360"}],"wp:term":[{"taxonomy":"product_brand","embeddable":true,"href":"https:\/\/mayoreosdelcentro.com\/index.php?rest_route=%2Fwp%2Fv2%2Fproduct_brand&post=360"},{"taxonomy":"product_cat","embeddable":true,"href":"https:\/\/mayoreosdelcentro.com\/index.php?rest_route=%2Fwp%2Fv2%2Fproduct_cat&post=360"},{"taxonomy":"product_tag","embeddable":true,"href":"https:\/\/mayoreosdelcentro.com\/index.php?rest_route=%2Fwp%2Fv2%2Fproduct_tag&post=360"}],"curies":[{"name":"wp","href":"https:\/\/api.w.org\/{rel}","templated":true}]}}