{"id":335,"date":"2024-05-03T23:15:20","date_gmt":"2024-05-03T23:15:20","guid":{"rendered":"https:\/\/mayoreosdelcentro.com\/?post_type=product&#038;p=335"},"modified":"2024-05-03T23:16:13","modified_gmt":"2024-05-03T23:16:13","slug":"6-pares-calcetin-diabx-de-caballero-media-felpa","status":"publish","type":"product","link":"https:\/\/mayoreosdelcentro.com\/?product=6-pares-calcetin-diabx-de-caballero-media-felpa","title":{"rendered":"6 Pares Calcet\u00edn Diabx de Caballero media felpa"},"content":{"rendered":"<p>Calcet\u00edn sin costuras y sin felpa para pie diabetico de caballero.<\/p>\n<p>Calcet\u00edn grueso perfecto para los d\u00edas m\u00e1s frescos del a\u00f1o.<\/p>\n<p>Paquete de 6 surtido en colores obscuros.<\/p>\n<p>&nbsp;<\/p>\n<p><strong>Precios de mayoreo exclusivamente en tienda f\u00edsica.<\/strong> <strong>Para mayor variedad en productos visitar tienda f\u00edsica.<\/strong><\/p>\n","protected":false},"excerpt":{"rendered":"<p>Calcet\u00edn de media felpa para pie diabetico de caballero. Presentaci\u00f3n con 6 pares en colores obscuros.<\/p>\n","protected":false},"featured_media":0,"template":"","meta":{"_monsterinsights_skip_tracking":false,"_monsterinsights_sitenote_active":false,"_monsterinsights_sitenote_note":"","_monsterinsights_sitenote_category":0},"product_brand":[],"product_cat":[46,25],"product_tag":[47,33,48,49,30],"class_list":{"0":"post-335","1":"product","2":"type-product","3":"status-publish","5":"product_cat-boneteria","6":"product_cat-hombre","7":"product_tag-boneteria","8":"product_tag-calcetas","9":"product_tag-calcetines","10":"product_tag-diabetico","11":"product_tag-hombre","13":"first","14":"instock","15":"taxable","16":"shipping-taxable","17":"product-type-simple"},"jetpack_sharing_enabled":true,"_links":{"self":[{"href":"https:\/\/mayoreosdelcentro.com\/index.php?rest_route=\/wp\/v2\/product\/335","targetHints":{"allow":["GET"]}}],"collection":[{"href":"https:\/\/mayoreosdelcentro.com\/index.php?rest_route=\/wp\/v2\/product"}],"about":[{"href":"https:\/\/mayoreosdelcentro.com\/index.php?rest_route=\/wp\/v2\/types\/product"}],"wp:attachment":[{"href":"https:\/\/mayoreosdelcentro.com\/index.php?rest_route=%2Fwp%2Fv2%2Fmedia&parent=335"}],"wp:term":[{"taxonomy":"product_brand","embeddable":true,"href":"https:\/\/mayoreosdelcentro.com\/index.php?rest_route=%2Fwp%2Fv2%2Fproduct_brand&post=335"},{"taxonomy":"product_cat","embeddable":true,"href":"https:\/\/mayoreosdelcentro.com\/index.php?rest_route=%2Fwp%2Fv2%2Fproduct_cat&post=335"},{"taxonomy":"product_tag","embeddable":true,"href":"https:\/\/mayoreosdelcentro.com\/index.php?rest_route=%2Fwp%2Fv2%2Fproduct_tag&post=335"}],"curies":[{"name":"wp","href":"https:\/\/api.w.org\/{rel}","templated":true}]}}