{"id":288,"date":"2024-04-09T00:07:18","date_gmt":"2024-04-09T00:07:18","guid":{"rendered":"https:\/\/mayoreosdelcentro.com\/?post_type=product&#038;p=288"},"modified":"2025-10-24T16:13:45","modified_gmt":"2025-10-24T16:13:45","slug":"malla-camelia-de-algodon-lisa-mod-4001","status":"publish","type":"product","link":"https:\/\/mayoreosdelcentro.com\/?product=malla-camelia-de-algodon-lisa-mod-4001","title":{"rendered":"6 Mallas Camelia de Algod\u00f3n Lisa 4001"},"content":{"rendered":"<p>Malla gruesa de acrilan para ni\u00f1a ideal para uso diario gracias a su comodidad y durabilidad que no irritara la piel de las ni\u00f1as por sus materiales de alta calidad. Su uso es ideal para actividades escolares.<\/p>\n<p>Modelo: 4001<\/p>\n<p>Composici\u00f3n: 77% algod\u00f3n, 21% poli\u00e9ster, 2% elastano.<\/p>\n","protected":false},"excerpt":{"rendered":"<p>Paquete de 6 mallas gruesas de algod\u00f3n para ni\u00f1a.<\/p>\n<p>Son ideales para uso escolar.<\/p>\n<p>Variedad de tallas y colores<\/p>\n<p>&nbsp;<\/p>\n","protected":false},"featured_media":610,"template":"","meta":{"_monsterinsights_skip_tracking":false,"_monsterinsights_sitenote_active":false,"_monsterinsights_sitenote_note":"","_monsterinsights_sitenote_category":0},"product_brand":[],"product_cat":[23,43,32],"product_tag":[123,173,34],"class_list":{"0":"post-288","1":"product","2":"type-product","3":"status-publish","4":"has-post-thumbnail","6":"product_cat-escolar","7":"product_cat-mallas","8":"product_cat-nina","9":"product_tag-camelia","10":"product_tag-mallas","11":"product_tag-nina","13":"first","14":"instock","15":"taxable","16":"shipping-taxable","17":"purchasable","18":"product-type-variable"},"jetpack_sharing_enabled":true,"_links":{"self":[{"href":"https:\/\/mayoreosdelcentro.com\/index.php?rest_route=\/wp\/v2\/product\/288","targetHints":{"allow":["GET"]}}],"collection":[{"href":"https:\/\/mayoreosdelcentro.com\/index.php?rest_route=\/wp\/v2\/product"}],"about":[{"href":"https:\/\/mayoreosdelcentro.com\/index.php?rest_route=\/wp\/v2\/types\/product"}],"wp:featuredmedia":[{"embeddable":true,"href":"https:\/\/mayoreosdelcentro.com\/index.php?rest_route=\/wp\/v2\/media\/610"}],"wp:attachment":[{"href":"https:\/\/mayoreosdelcentro.com\/index.php?rest_route=%2Fwp%2Fv2%2Fmedia&parent=288"}],"wp:term":[{"taxonomy":"product_brand","embeddable":true,"href":"https:\/\/mayoreosdelcentro.com\/index.php?rest_route=%2Fwp%2Fv2%2Fproduct_brand&post=288"},{"taxonomy":"product_cat","embeddable":true,"href":"https:\/\/mayoreosdelcentro.com\/index.php?rest_route=%2Fwp%2Fv2%2Fproduct_cat&post=288"},{"taxonomy":"product_tag","embeddable":true,"href":"https:\/\/mayoreosdelcentro.com\/index.php?rest_route=%2Fwp%2Fv2%2Fproduct_tag&post=288"}],"curies":[{"name":"wp","href":"https:\/\/api.w.org\/{rel}","templated":true}]}}