{"id":2742,"date":"2025-11-11T22:14:05","date_gmt":"2025-11-11T22:14:05","guid":{"rendered":"https:\/\/mayoreosdelcentro.com\/?post_type=product&#038;p=2742"},"modified":"2025-11-11T22:16:31","modified_gmt":"2025-11-11T22:16:31","slug":"frazada-extra-suave-bunny-baby-mink","status":"publish","type":"product","link":"https:\/\/mayoreosdelcentro.com\/?product=frazada-extra-suave-bunny-baby-mink","title":{"rendered":"Frazada Extra Suave Bunny Baby Mink"},"content":{"rendered":"<p>Envuelve a tu beb\u00e9 en una caricia de confort con esta frazada extrasuave. Su tejido flannel brinda una sensaci\u00f3n delicada al tacto, perfecta para mantenerlo c\u00e1lido y c\u00f3modo durante el descanso, la siesta o los paseos. Su dise\u00f1o bordado agrega un toque tierno y especial, ideal para complementar la cuna o la carriola.<\/p>\n","protected":false},"excerpt":{"rendered":"<table class=\"vtex-store-components-3-x-specificationsTable vtex-store-components-3-x-specificationsTable--ProductDetailSpecifications w-100 bg-base border-collapse\">\n<tbody class=\"vtex-store-components-3-x-specificationsTableBody vtex-store-components-3-x-specificationsTableBody--ProductDetailSpecifications\">\n<tr class=\"vtex-store-components-3-x-specificationsTableRow vtex-store-components-3-x-specificationsTableRow--ProductDetailSpecifications\">\n<td class=\"vtex-store-components-3-x-specificationItemProperty vtex-store-components-3-x-specificationItemProperty--ProductDetailSpecifications w-50 b--muted-4 bb pa5\" data-specification=\"Medidas\">\n<div>Medidas<\/div>\n<\/td>\n<td class=\"vtex-store-components-3-x-specificationItemSpecifications vtex-store-components-3-x-specificationItemSpecifications--ProductDetailSpecifications w-50 b--muted-4 bb pa5\" data-specification=\"100 cm x 80 cm\">\n<div>100 cm x 80 cm<\/div>\n<\/td>\n<\/tr>\n<tr class=\"vtex-store-components-3-x-specificationsTableRow vtex-store-components-3-x-specificationsTableRow--ProductDetailSpecifications\">\n<td class=\"vtex-store-components-3-x-specificationItemProperty vtex-store-components-3-x-specificationItemProperty--ProductDetailSpecifications w-50 b--muted-4 bb pa5\" data-specification=\"Tela\">\n<div>Tela<\/div>\n<div><\/div>\n<div>Color<\/div>\n<\/td>\n<td class=\"vtex-store-components-3-x-specificationItemSpecifications vtex-store-components-3-x-specificationItemSpecifications--ProductDetailSpecifications w-50 b--muted-4 bb pa5\" data-specification=\"Flannel\">\n<div>Flannel<\/div>\n<div><\/div>\n<div>Amarillo<\/div>\n<\/td>\n<\/tr>\n<\/tbody>\n<\/table>\n","protected":false},"featured_media":2743,"template":"","meta":{"_monsterinsights_skip_tracking":false,"_monsterinsights_sitenote_active":false,"_monsterinsights_sitenote_note":"","_monsterinsights_sitenote_category":0},"product_brand":[],"product_cat":[286,103],"product_tag":[],"class_list":{"0":"post-2742","1":"product","2":"type-product","3":"status-publish","4":"has-post-thumbnail","6":"product_cat-baby-mink","7":"product_cat-bebe","8":"product_shipping_class-nacional","10":"first","11":"instock","12":"taxable","13":"shipping-taxable","14":"purchasable","15":"product-type-simple"},"jetpack_sharing_enabled":true,"_links":{"self":[{"href":"https:\/\/mayoreosdelcentro.com\/index.php?rest_route=\/wp\/v2\/product\/2742","targetHints":{"allow":["GET"]}}],"collection":[{"href":"https:\/\/mayoreosdelcentro.com\/index.php?rest_route=\/wp\/v2\/product"}],"about":[{"href":"https:\/\/mayoreosdelcentro.com\/index.php?rest_route=\/wp\/v2\/types\/product"}],"wp:featuredmedia":[{"embeddable":true,"href":"https:\/\/mayoreosdelcentro.com\/index.php?rest_route=\/wp\/v2\/media\/2743"}],"wp:attachment":[{"href":"https:\/\/mayoreosdelcentro.com\/index.php?rest_route=%2Fwp%2Fv2%2Fmedia&parent=2742"}],"wp:term":[{"taxonomy":"product_brand","embeddable":true,"href":"https:\/\/mayoreosdelcentro.com\/index.php?rest_route=%2Fwp%2Fv2%2Fproduct_brand&post=2742"},{"taxonomy":"product_cat","embeddable":true,"href":"https:\/\/mayoreosdelcentro.com\/index.php?rest_route=%2Fwp%2Fv2%2Fproduct_cat&post=2742"},{"taxonomy":"product_tag","embeddable":true,"href":"https:\/\/mayoreosdelcentro.com\/index.php?rest_route=%2Fwp%2Fv2%2Fproduct_tag&post=2742"}],"curies":[{"name":"wp","href":"https:\/\/api.w.org\/{rel}","templated":true}]}}