{"id":2727,"date":"2025-11-11T22:02:03","date_gmt":"2025-11-11T22:02:03","guid":{"rendered":"https:\/\/mayoreosdelcentro.com\/?post_type=product&#038;p=2727"},"modified":"2025-11-11T22:06:56","modified_gmt":"2025-11-11T22:06:56","slug":"set-de-viaje-azul-baby-mink","status":"publish","type":"product","link":"https:\/\/mayoreosdelcentro.com\/?product=set-de-viaje-azul-baby-mink","title":{"rendered":"Set de Viaje Azul Baby Mink"},"content":{"rendered":"<p>Lleva la comodidad a donde vayas con este set de viaje para beb\u00e9 que incluye una frazada ultra suave con reverso tipo borrega y una almohada ligera. Ideal para cochecito, carriola o siestas durante un paseo. Su textura c\u00e1lida y tama\u00f1o pr\u00e1ctico lo convierten en un favorito para cualquier salida.<\/p>\n","protected":false},"excerpt":{"rendered":"<p>Lleva la comodidad a donde vayas con este set de viaje para beb\u00e9 que incluye una frazada ultra suave con reverso tipo borrega y una almohada ligera. Ideal para cochecito, carriola o siestas durante un paseo. Su textura c\u00e1lida y tama\u00f1o pr\u00e1ctico lo convierten en un favorito para cualquier salida.<\/p>\n","protected":false},"featured_media":2728,"template":"","meta":{"_monsterinsights_skip_tracking":false,"_monsterinsights_sitenote_active":false,"_monsterinsights_sitenote_note":"","_monsterinsights_sitenote_category":0},"product_brand":[],"product_cat":[286,103],"product_tag":[],"class_list":{"0":"post-2727","1":"product","2":"type-product","3":"status-publish","4":"has-post-thumbnail","6":"product_cat-baby-mink","7":"product_cat-bebe","9":"first","10":"outofstock","11":"taxable","12":"shipping-taxable","13":"product-type-simple"},"jetpack_sharing_enabled":true,"_links":{"self":[{"href":"https:\/\/mayoreosdelcentro.com\/index.php?rest_route=\/wp\/v2\/product\/2727","targetHints":{"allow":["GET"]}}],"collection":[{"href":"https:\/\/mayoreosdelcentro.com\/index.php?rest_route=\/wp\/v2\/product"}],"about":[{"href":"https:\/\/mayoreosdelcentro.com\/index.php?rest_route=\/wp\/v2\/types\/product"}],"wp:featuredmedia":[{"embeddable":true,"href":"https:\/\/mayoreosdelcentro.com\/index.php?rest_route=\/wp\/v2\/media\/2728"}],"wp:attachment":[{"href":"https:\/\/mayoreosdelcentro.com\/index.php?rest_route=%2Fwp%2Fv2%2Fmedia&parent=2727"}],"wp:term":[{"taxonomy":"product_brand","embeddable":true,"href":"https:\/\/mayoreosdelcentro.com\/index.php?rest_route=%2Fwp%2Fv2%2Fproduct_brand&post=2727"},{"taxonomy":"product_cat","embeddable":true,"href":"https:\/\/mayoreosdelcentro.com\/index.php?rest_route=%2Fwp%2Fv2%2Fproduct_cat&post=2727"},{"taxonomy":"product_tag","embeddable":true,"href":"https:\/\/mayoreosdelcentro.com\/index.php?rest_route=%2Fwp%2Fv2%2Fproduct_tag&post=2727"}],"curies":[{"name":"wp","href":"https:\/\/api.w.org\/{rel}","templated":true}]}}