{"id":2700,"date":"2025-11-10T23:40:28","date_gmt":"2025-11-10T23:40:28","guid":{"rendered":"https:\/\/mayoreosdelcentro.com\/?post_type=product&#038;p=2700"},"modified":"2025-11-11T00:09:01","modified_gmt":"2025-11-11T00:09:01","slug":"baby-bag-3-en-1-caricia-baby-mink","status":"publish","type":"product","link":"https:\/\/mayoreosdelcentro.com\/?product=baby-bag-3-en-1-caricia-baby-mink","title":{"rendered":"Baby Bag 3 en 1 Caricia Baby Mink"},"content":{"rendered":"<p>Manta para dormir 3 en 1 que se convierte en cobertor, saco de dormir y abrigo, con dise\u00f1o en ambos lados, ofrece la opci\u00f3n de lucir dos estilos distintos. Un producto sencillo de usar con materiales de alta calidad, que busca brindarle el mayor confort a tu beb\u00e9 tanto de d\u00eda como de noche. Es apto para cualquier ocasi\u00f3n, sus diversas funcionalidades le permiten a tu beb\u00e9 acompa\u00f1arte a cualquier lugar, desde la hora de dormir hasta los paseos al aire libre.<\/p>\n","protected":false},"excerpt":{"rendered":"<table class=\"vtex-store-components-3-x-specificationsTable vtex-store-components-3-x-specificationsTable--ProductDetailSpecifications w-100 bg-base border-collapse\">\n<tbody class=\"vtex-store-components-3-x-specificationsTableBody vtex-store-components-3-x-specificationsTableBody--ProductDetailSpecifications\">\n<tr class=\"vtex-store-components-3-x-specificationsTableRow vtex-store-components-3-x-specificationsTableRow--ProductDetailSpecifications\">\n<td class=\"vtex-store-components-3-x-specificationItemProperty vtex-store-components-3-x-specificationItemProperty--ProductDetailSpecifications w-50 b--muted-4 bb pa5\" data-specification=\"Medidas\">\n<div>Medidas<\/div>\n<\/td>\n<td class=\"vtex-store-components-3-x-specificationItemSpecifications vtex-store-components-3-x-specificationItemSpecifications--ProductDetailSpecifications w-50 b--muted-4 bb pa5\" data-specification=\"100 x 80 cm\">\n<div>100 x 80 cm<\/div>\n<\/td>\n<\/tr>\n<tr class=\"vtex-store-components-3-x-specificationsTableRow vtex-store-components-3-x-specificationsTableRow--ProductDetailSpecifications\">\n<td class=\"vtex-store-components-3-x-specificationItemProperty vtex-store-components-3-x-specificationItemProperty--ProductDetailSpecifications w-50 b--muted-4 bb pa5\" data-specification=\"Tela\">\n<div>Tela<\/div>\n<div><\/div>\n<div>Color<\/div>\n<\/td>\n<td class=\"vtex-store-components-3-x-specificationItemSpecifications vtex-store-components-3-x-specificationItemSpecifications--ProductDetailSpecifications w-50 b--muted-4 bb pa5\" data-specification=\"Flannel 270\">\n<div>Flannel 270<\/div>\n<div><\/div>\n<div>Rosa<\/div>\n<\/td>\n<\/tr>\n<\/tbody>\n<\/table>\n","protected":false},"featured_media":2701,"template":"","meta":{"_monsterinsights_skip_tracking":false,"_monsterinsights_sitenote_active":false,"_monsterinsights_sitenote_note":"","_monsterinsights_sitenote_category":0},"product_brand":[],"product_cat":[286,103],"product_tag":[287,104,151],"class_list":{"0":"post-2700","1":"product","2":"type-product","3":"status-publish","4":"has-post-thumbnail","6":"product_cat-baby-mink","7":"product_cat-bebe","8":"product_tag-baby-mink","9":"product_tag-bebe","10":"product_tag-frazada","12":"first","13":"instock","14":"taxable","15":"shipping-taxable","16":"purchasable","17":"product-type-simple"},"jetpack_sharing_enabled":true,"_links":{"self":[{"href":"https:\/\/mayoreosdelcentro.com\/index.php?rest_route=\/wp\/v2\/product\/2700","targetHints":{"allow":["GET"]}}],"collection":[{"href":"https:\/\/mayoreosdelcentro.com\/index.php?rest_route=\/wp\/v2\/product"}],"about":[{"href":"https:\/\/mayoreosdelcentro.com\/index.php?rest_route=\/wp\/v2\/types\/product"}],"wp:featuredmedia":[{"embeddable":true,"href":"https:\/\/mayoreosdelcentro.com\/index.php?rest_route=\/wp\/v2\/media\/2701"}],"wp:attachment":[{"href":"https:\/\/mayoreosdelcentro.com\/index.php?rest_route=%2Fwp%2Fv2%2Fmedia&parent=2700"}],"wp:term":[{"taxonomy":"product_brand","embeddable":true,"href":"https:\/\/mayoreosdelcentro.com\/index.php?rest_route=%2Fwp%2Fv2%2Fproduct_brand&post=2700"},{"taxonomy":"product_cat","embeddable":true,"href":"https:\/\/mayoreosdelcentro.com\/index.php?rest_route=%2Fwp%2Fv2%2Fproduct_cat&post=2700"},{"taxonomy":"product_tag","embeddable":true,"href":"https:\/\/mayoreosdelcentro.com\/index.php?rest_route=%2Fwp%2Fv2%2Fproduct_tag&post=2700"}],"curies":[{"name":"wp","href":"https:\/\/api.w.org\/{rel}","templated":true}]}}