{"id":2670,"date":"2025-11-10T14:44:23","date_gmt":"2025-11-10T14:44:23","guid":{"rendered":"https:\/\/mayoreosdelcentro.com\/?post_type=product&#038;p=2670"},"modified":"2025-11-10T23:20:10","modified_gmt":"2025-11-10T23:20:10","slug":"chiko-light-supreme-campeones-baby-mink","status":"publish","type":"product","link":"https:\/\/mayoreosdelcentro.com\/?product=chiko-light-supreme-campeones-baby-mink","title":{"rendered":"Chiko Light Supreme Campeones Baby Mink"},"content":{"rendered":"<p>Cobertor ligero con dise\u00f1o estampado divertido, ideal para cualquier momento del d\u00eda. Su tama\u00f1o pr\u00e1ctico y textura suave lo hacen perfecto para cuna, carriola o salida r\u00e1pida.<\/p>\n","protected":false},"excerpt":{"rendered":"<p>Color: blanco con azul<\/p>\n<table class=\"vtex-store-components-3-x-specificationsTable vtex-store-components-3-x-specificationsTable--ProductDetailSpecifications w-100 bg-base border-collapse\">\n<tbody class=\"vtex-store-components-3-x-specificationsTableBody vtex-store-components-3-x-specificationsTableBody--ProductDetailSpecifications\">\n<tr class=\"vtex-store-components-3-x-specificationsTableRow vtex-store-components-3-x-specificationsTableRow--ProductDetailSpecifications\">\n<td class=\"vtex-store-components-3-x-specificationItemProperty vtex-store-components-3-x-specificationItemProperty--ProductDetailSpecifications w-50 b--muted-4 bb pa5\" data-specification=\"Medidas\">\n<div>Medidas<\/div>\n<\/td>\n<td class=\"vtex-store-components-3-x-specificationItemSpecifications vtex-store-components-3-x-specificationItemSpecifications--ProductDetailSpecifications w-50 b--muted-4 bb pa5\" data-specification=\"100 x 80 cm\">\n<div>100 x 80 cm<\/div>\n<\/td>\n<\/tr>\n<tr class=\"vtex-store-components-3-x-specificationsTableRow vtex-store-components-3-x-specificationsTableRow--ProductDetailSpecifications\">\n<td class=\"vtex-store-components-3-x-specificationItemProperty vtex-store-components-3-x-specificationItemProperty--ProductDetailSpecifications w-50 b--muted-4 bb pa5\" data-specification=\"Tela\">\n<div>Tela<\/div>\n<\/td>\n<td class=\"vtex-store-components-3-x-specificationItemSpecifications vtex-store-components-3-x-specificationItemSpecifications--ProductDetailSpecifications w-50 b--muted-4 bb pa5\" data-specification=\"Flannel 240 grs.\">\n<div>Flannel 240 grs.<\/div>\n<\/td>\n<\/tr>\n<\/tbody>\n<\/table>\n","protected":false},"featured_media":2671,"template":"","meta":{"_monsterinsights_skip_tracking":false,"_monsterinsights_sitenote_active":false,"_monsterinsights_sitenote_note":"","_monsterinsights_sitenote_category":0},"product_brand":[],"product_cat":[286,103],"product_tag":[287,104,291,151],"class_list":{"0":"post-2670","1":"product","2":"type-product","3":"status-publish","4":"has-post-thumbnail","6":"product_cat-baby-mink","7":"product_cat-bebe","8":"product_tag-baby-mink","9":"product_tag-bebe","10":"product_tag-chiko-light-supreme","11":"product_tag-frazada","13":"first","14":"instock","15":"taxable","16":"shipping-taxable","17":"purchasable","18":"product-type-simple"},"jetpack_sharing_enabled":true,"_links":{"self":[{"href":"https:\/\/mayoreosdelcentro.com\/index.php?rest_route=\/wp\/v2\/product\/2670","targetHints":{"allow":["GET"]}}],"collection":[{"href":"https:\/\/mayoreosdelcentro.com\/index.php?rest_route=\/wp\/v2\/product"}],"about":[{"href":"https:\/\/mayoreosdelcentro.com\/index.php?rest_route=\/wp\/v2\/types\/product"}],"wp:featuredmedia":[{"embeddable":true,"href":"https:\/\/mayoreosdelcentro.com\/index.php?rest_route=\/wp\/v2\/media\/2671"}],"wp:attachment":[{"href":"https:\/\/mayoreosdelcentro.com\/index.php?rest_route=%2Fwp%2Fv2%2Fmedia&parent=2670"}],"wp:term":[{"taxonomy":"product_brand","embeddable":true,"href":"https:\/\/mayoreosdelcentro.com\/index.php?rest_route=%2Fwp%2Fv2%2Fproduct_brand&post=2670"},{"taxonomy":"product_cat","embeddable":true,"href":"https:\/\/mayoreosdelcentro.com\/index.php?rest_route=%2Fwp%2Fv2%2Fproduct_cat&post=2670"},{"taxonomy":"product_tag","embeddable":true,"href":"https:\/\/mayoreosdelcentro.com\/index.php?rest_route=%2Fwp%2Fv2%2Fproduct_tag&post=2670"}],"curies":[{"name":"wp","href":"https:\/\/api.w.org\/{rel}","templated":true}]}}