{"id":2660,"date":"2025-11-10T14:31:14","date_gmt":"2025-11-10T14:31:14","guid":{"rendered":"https:\/\/mayoreosdelcentro.com\/?post_type=product&#038;p=2660"},"modified":"2025-11-11T22:35:15","modified_gmt":"2025-11-11T22:35:15","slug":"baberos-bandana-con-mordedera-baby-mink-2","status":"publish","type":"product","link":"https:\/\/mayoreosdelcentro.com\/?product=baberos-bandana-con-mordedera-baby-mink-2","title":{"rendered":"Baberos Bandana Con Mordedera Baby Mink"},"content":{"rendered":"<p>Set de baberos tipo bandana con reverso en toalla y broches ajustables que brindan comodidad, absorci\u00f3n y alivio durante la dentici\u00f3n gracias a su mordedera de silic\u00f3n integrada.<\/p>\n","protected":false},"excerpt":{"rendered":"<p>Color: Rosa<\/p>\n","protected":false},"featured_media":2661,"template":"","meta":{"_monsterinsights_skip_tracking":false,"_monsterinsights_sitenote_active":false,"_monsterinsights_sitenote_note":"","_monsterinsights_sitenote_category":0},"product_brand":[],"product_cat":[286,103],"product_tag":[],"class_list":{"0":"post-2660","1":"product","2":"type-product","3":"status-publish","4":"has-post-thumbnail","6":"product_cat-baby-mink","7":"product_cat-bebe","8":"product_shipping_class-nacional","10":"first","11":"instock","12":"taxable","13":"shipping-taxable","14":"purchasable","15":"product-type-simple"},"jetpack_sharing_enabled":true,"_links":{"self":[{"href":"https:\/\/mayoreosdelcentro.com\/index.php?rest_route=\/wp\/v2\/product\/2660","targetHints":{"allow":["GET"]}}],"collection":[{"href":"https:\/\/mayoreosdelcentro.com\/index.php?rest_route=\/wp\/v2\/product"}],"about":[{"href":"https:\/\/mayoreosdelcentro.com\/index.php?rest_route=\/wp\/v2\/types\/product"}],"wp:featuredmedia":[{"embeddable":true,"href":"https:\/\/mayoreosdelcentro.com\/index.php?rest_route=\/wp\/v2\/media\/2661"}],"wp:attachment":[{"href":"https:\/\/mayoreosdelcentro.com\/index.php?rest_route=%2Fwp%2Fv2%2Fmedia&parent=2660"}],"wp:term":[{"taxonomy":"product_brand","embeddable":true,"href":"https:\/\/mayoreosdelcentro.com\/index.php?rest_route=%2Fwp%2Fv2%2Fproduct_brand&post=2660"},{"taxonomy":"product_cat","embeddable":true,"href":"https:\/\/mayoreosdelcentro.com\/index.php?rest_route=%2Fwp%2Fv2%2Fproduct_cat&post=2660"},{"taxonomy":"product_tag","embeddable":true,"href":"https:\/\/mayoreosdelcentro.com\/index.php?rest_route=%2Fwp%2Fv2%2Fproduct_tag&post=2660"}],"curies":[{"name":"wp","href":"https:\/\/api.w.org\/{rel}","templated":true}]}}