{"id":2575,"date":"2025-11-09T19:45:46","date_gmt":"2025-11-09T19:45:46","guid":{"rendered":"https:\/\/mayoreosdelcentro.com\/?post_type=product&#038;p=2575"},"modified":"2025-11-09T19:45:47","modified_gmt":"2025-11-09T19:45:47","slug":"coordinado-carnival-nina","status":"publish","type":"product","link":"https:\/\/mayoreosdelcentro.com\/?product=coordinado-carnival-nina","title":{"rendered":"Coordinado Carnival Ni\u00f1a"},"content":{"rendered":"<p>Este coordinado para ni\u00f1a combina comodidad y versatilidad con un dise\u00f1o liso que se adapta a cualquier estilo y ocasi\u00f3n. Su tejido suave proporciona confort durante todo el d\u00eda, mientras que el el\u00e1stico garantiza un ajuste c\u00f3modo y seguro, ideal para jugar y moverse con libertad.<\/p>\n<p>&nbsp;<\/p>\n<p>&nbsp;<\/p>\n","protected":false},"excerpt":{"rendered":"<p>Este coordinado para ni\u00f1a combina comodidad y versatilidad con un dise\u00f1o liso que se adapta a cualquier estilo y ocasi\u00f3n. Su tejido suave proporciona confort durante todo el d\u00eda, mientras que el el\u00e1stico garantiza un ajuste c\u00f3modo y seguro, ideal para jugar y moverse con libertad. &nbsp; &nbsp;<\/p>\n","protected":false},"featured_media":2576,"template":"","meta":{"_monsterinsights_skip_tracking":false,"_monsterinsights_sitenote_active":false,"_monsterinsights_sitenote_note":"","_monsterinsights_sitenote_category":0},"product_brand":[],"product_cat":[70,32],"product_tag":[],"class_list":{"0":"post-2575","1":"product","2":"type-product","3":"status-publish","4":"has-post-thumbnail","6":"product_cat-interiores-nina","7":"product_cat-nina","9":"first","10":"instock","11":"taxable","12":"shipping-taxable","13":"purchasable","14":"product-type-variable"},"jetpack_sharing_enabled":true,"_links":{"self":[{"href":"https:\/\/mayoreosdelcentro.com\/index.php?rest_route=\/wp\/v2\/product\/2575","targetHints":{"allow":["GET"]}}],"collection":[{"href":"https:\/\/mayoreosdelcentro.com\/index.php?rest_route=\/wp\/v2\/product"}],"about":[{"href":"https:\/\/mayoreosdelcentro.com\/index.php?rest_route=\/wp\/v2\/types\/product"}],"wp:featuredmedia":[{"embeddable":true,"href":"https:\/\/mayoreosdelcentro.com\/index.php?rest_route=\/wp\/v2\/media\/2576"}],"wp:attachment":[{"href":"https:\/\/mayoreosdelcentro.com\/index.php?rest_route=%2Fwp%2Fv2%2Fmedia&parent=2575"}],"wp:term":[{"taxonomy":"product_brand","embeddable":true,"href":"https:\/\/mayoreosdelcentro.com\/index.php?rest_route=%2Fwp%2Fv2%2Fproduct_brand&post=2575"},{"taxonomy":"product_cat","embeddable":true,"href":"https:\/\/mayoreosdelcentro.com\/index.php?rest_route=%2Fwp%2Fv2%2Fproduct_cat&post=2575"},{"taxonomy":"product_tag","embeddable":true,"href":"https:\/\/mayoreosdelcentro.com\/index.php?rest_route=%2Fwp%2Fv2%2Fproduct_tag&post=2575"}],"curies":[{"name":"wp","href":"https:\/\/api.w.org\/{rel}","templated":true}]}}