{"id":2541,"date":"2025-10-26T16:13:31","date_gmt":"2025-10-26T16:13:31","guid":{"rendered":"https:\/\/mayoreosdelcentro.com\/?post_type=product&#038;p=2541"},"modified":"2025-10-26T21:27:33","modified_gmt":"2025-10-26T21:27:33","slug":"toalla-regina-medio-bano-bosse","status":"publish","type":"product","link":"https:\/\/mayoreosdelcentro.com\/?product=toalla-regina-medio-bano-bosse","title":{"rendered":"Toalla Regina Medio Ba\u00f1o Bosse"},"content":{"rendered":"<p>Toalla de ba\u00f1o hecha 100% de algod\u00f3n. M\u00e1xima absorbencia. Muy suave al tacto.<\/p>\n<p>Tama\u00f1o: Medio ba\u00f1o: 70 cm x 140 cm.<\/p>\n","protected":false},"excerpt":{"rendered":"<p>Muy suave al tacto<\/p>\n<p>Hecha 100% de algod\u00f3n<\/p>\n<p>M\u00e1xima absorbencia<\/p>\n","protected":false},"featured_media":2542,"template":"","meta":{"_monsterinsights_skip_tracking":false,"_monsterinsights_sitenote_active":false,"_monsterinsights_sitenote_note":"","_monsterinsights_sitenote_category":0},"product_brand":[],"product_cat":[39,38,76],"product_tag":[],"class_list":{"0":"post-2541","1":"product","2":"type-product","3":"status-publish","4":"has-post-thumbnail","6":"product_cat-bano","7":"product_cat-blancos","8":"product_cat-regina","9":"product_shipping_class-nacional","11":"first","12":"instock","13":"taxable","14":"shipping-taxable","15":"purchasable","16":"product-type-variable"},"jetpack_sharing_enabled":true,"_links":{"self":[{"href":"https:\/\/mayoreosdelcentro.com\/index.php?rest_route=\/wp\/v2\/product\/2541","targetHints":{"allow":["GET"]}}],"collection":[{"href":"https:\/\/mayoreosdelcentro.com\/index.php?rest_route=\/wp\/v2\/product"}],"about":[{"href":"https:\/\/mayoreosdelcentro.com\/index.php?rest_route=\/wp\/v2\/types\/product"}],"wp:featuredmedia":[{"embeddable":true,"href":"https:\/\/mayoreosdelcentro.com\/index.php?rest_route=\/wp\/v2\/media\/2542"}],"wp:attachment":[{"href":"https:\/\/mayoreosdelcentro.com\/index.php?rest_route=%2Fwp%2Fv2%2Fmedia&parent=2541"}],"wp:term":[{"taxonomy":"product_brand","embeddable":true,"href":"https:\/\/mayoreosdelcentro.com\/index.php?rest_route=%2Fwp%2Fv2%2Fproduct_brand&post=2541"},{"taxonomy":"product_cat","embeddable":true,"href":"https:\/\/mayoreosdelcentro.com\/index.php?rest_route=%2Fwp%2Fv2%2Fproduct_cat&post=2541"},{"taxonomy":"product_tag","embeddable":true,"href":"https:\/\/mayoreosdelcentro.com\/index.php?rest_route=%2Fwp%2Fv2%2Fproduct_tag&post=2541"}],"curies":[{"name":"wp","href":"https:\/\/api.w.org\/{rel}","templated":true}]}}