{"id":2312,"date":"2025-10-19T23:11:14","date_gmt":"2025-10-19T23:11:14","guid":{"rendered":"https:\/\/mayoreosdelcentro.com\/?post_type=product&#038;p=2312"},"modified":"2025-10-19T23:16:11","modified_gmt":"2025-10-19T23:16:11","slug":"malla-lisa-camelia-para-dama-de-algodon-4007","status":"publish","type":"product","link":"https:\/\/mayoreosdelcentro.com\/?product=malla-lisa-camelia-para-dama-de-algodon-4007","title":{"rendered":"Malla lisa Camelia para Dama de Algod\u00f3n 4007"},"content":{"rendered":"<p>Malla de algod\u00f3n gruesa y resistente que amaras para la temporada de frio<\/p>\n<p>Unitalla<\/p>\n<p>Modelo 4007<\/p>\n<p>Composici\u00f3n: 71% algod\u00f3n, 27% poli\u00e9ster, 2% elastano<\/p>\n","protected":false},"excerpt":{"rendered":"<p>Paquete de 6 mallas gruesas marca Camelia mod. 4007<\/p>\n<p>Hecha en algod\u00f3n<\/p>\n<p>&nbsp;<\/p>\n","protected":false},"featured_media":2318,"template":"","meta":{"_monsterinsights_skip_tracking":false,"_monsterinsights_sitenote_active":false,"_monsterinsights_sitenote_note":"","_monsterinsights_sitenote_category":0},"product_brand":[],"product_cat":[45,44],"product_tag":[],"class_list":{"0":"post-2312","1":"product","2":"type-product","3":"status-publish","4":"has-post-thumbnail","6":"product_cat-mallas-mujer","7":"product_cat-mujer","9":"first","10":"instock","11":"taxable","12":"shipping-taxable","13":"purchasable","14":"product-type-variable"},"jetpack_sharing_enabled":true,"_links":{"self":[{"href":"https:\/\/mayoreosdelcentro.com\/index.php?rest_route=\/wp\/v2\/product\/2312","targetHints":{"allow":["GET"]}}],"collection":[{"href":"https:\/\/mayoreosdelcentro.com\/index.php?rest_route=\/wp\/v2\/product"}],"about":[{"href":"https:\/\/mayoreosdelcentro.com\/index.php?rest_route=\/wp\/v2\/types\/product"}],"wp:featuredmedia":[{"embeddable":true,"href":"https:\/\/mayoreosdelcentro.com\/index.php?rest_route=\/wp\/v2\/media\/2318"}],"wp:attachment":[{"href":"https:\/\/mayoreosdelcentro.com\/index.php?rest_route=%2Fwp%2Fv2%2Fmedia&parent=2312"}],"wp:term":[{"taxonomy":"product_brand","embeddable":true,"href":"https:\/\/mayoreosdelcentro.com\/index.php?rest_route=%2Fwp%2Fv2%2Fproduct_brand&post=2312"},{"taxonomy":"product_cat","embeddable":true,"href":"https:\/\/mayoreosdelcentro.com\/index.php?rest_route=%2Fwp%2Fv2%2Fproduct_cat&post=2312"},{"taxonomy":"product_tag","embeddable":true,"href":"https:\/\/mayoreosdelcentro.com\/index.php?rest_route=%2Fwp%2Fv2%2Fproduct_tag&post=2312"}],"curies":[{"name":"wp","href":"https:\/\/api.w.org\/{rel}","templated":true}]}}