{"id":2186,"date":"2025-10-19T16:24:53","date_gmt":"2025-10-19T16:24:53","guid":{"rendered":"https:\/\/mayoreosdelcentro.com\/?post_type=product&#038;p=2186"},"modified":"2025-10-19T16:24:53","modified_gmt":"2025-10-19T16:24:53","slug":"corpino-bambi-3-piezas-top-tirante-nina-61n","status":"publish","type":"product","link":"https:\/\/mayoreosdelcentro.com\/?product=corpino-bambi-3-piezas-top-tirante-nina-61n","title":{"rendered":"Corpi\u00f1o Bambi 3 Piezas Top Tirante Ni\u00f1a 61N"},"content":{"rendered":"<p>Caracter\u00edsticas destacadas:<\/p>\n<p>\u2022 Marca: BAMBI<br \/>\n\u2022 Modelo: E61N<br \/>\n\u2022 Colores disponibles: Blanco, Negro y Jaspe<br \/>\n\u2022 Paquete de 3 piezas \u2013 m\u00e1s valor, m\u00e1s opciones<br \/>\n\u2022 Material: 100% algod\u00f3n suave y ligero<br \/>\n\u2022 C\u00f3modo el\u00e1stico afelpado que no irrita la piel<br \/>\n\u2022 Dise\u00f1o de tirante delgado para mayor libertad de movimiento<br \/>\n\u2022Perfecto para uso diario: suave, ligero y c\u00f3modo<\/p>\n","protected":false},"excerpt":{"rendered":"<p>Set de 3 Corpi\u00f1os Top para Ni\u00f1a \u2013 Tirante Delgado 61N<\/p>\n<p>Color: Blanco<\/p>\n<p>Algod\u00f3n<\/p>\n<p>&nbsp;<\/p>\n","protected":false},"featured_media":2187,"template":"","meta":{"_monsterinsights_skip_tracking":false,"_monsterinsights_sitenote_active":false,"_monsterinsights_sitenote_note":"","_monsterinsights_sitenote_category":0},"product_brand":[],"product_cat":[70,32],"product_tag":[162,170,169,34,164],"class_list":{"0":"post-2186","1":"product","2":"type-product","3":"status-publish","4":"has-post-thumbnail","6":"product_cat-interiores-nina","7":"product_cat-nina","8":"product_tag-bambi","9":"product_tag-corpino","10":"product_tag-corpino-nina","11":"product_tag-nina","12":"product_tag-ropa-interior","13":"product_shipping_class-nacional","15":"first","16":"instock","17":"taxable","18":"shipping-taxable","19":"purchasable","20":"product-type-variable"},"jetpack_sharing_enabled":true,"_links":{"self":[{"href":"https:\/\/mayoreosdelcentro.com\/index.php?rest_route=\/wp\/v2\/product\/2186","targetHints":{"allow":["GET"]}}],"collection":[{"href":"https:\/\/mayoreosdelcentro.com\/index.php?rest_route=\/wp\/v2\/product"}],"about":[{"href":"https:\/\/mayoreosdelcentro.com\/index.php?rest_route=\/wp\/v2\/types\/product"}],"wp:featuredmedia":[{"embeddable":true,"href":"https:\/\/mayoreosdelcentro.com\/index.php?rest_route=\/wp\/v2\/media\/2187"}],"wp:attachment":[{"href":"https:\/\/mayoreosdelcentro.com\/index.php?rest_route=%2Fwp%2Fv2%2Fmedia&parent=2186"}],"wp:term":[{"taxonomy":"product_brand","embeddable":true,"href":"https:\/\/mayoreosdelcentro.com\/index.php?rest_route=%2Fwp%2Fv2%2Fproduct_brand&post=2186"},{"taxonomy":"product_cat","embeddable":true,"href":"https:\/\/mayoreosdelcentro.com\/index.php?rest_route=%2Fwp%2Fv2%2Fproduct_cat&post=2186"},{"taxonomy":"product_tag","embeddable":true,"href":"https:\/\/mayoreosdelcentro.com\/index.php?rest_route=%2Fwp%2Fv2%2Fproduct_tag&post=2186"}],"curies":[{"name":"wp","href":"https:\/\/api.w.org\/{rel}","templated":true}]}}