{"id":2147,"date":"2025-10-19T00:23:00","date_gmt":"2025-10-19T00:23:00","guid":{"rendered":"https:\/\/mayoreosdelcentro.com\/?post_type=product&#038;p=2147"},"modified":"2025-10-19T00:24:51","modified_gmt":"2025-10-19T00:24:51","slug":"pantaleta-nina-bambi-12-piezas-e31","status":"publish","type":"product","link":"https:\/\/mayoreosdelcentro.com\/?product=pantaleta-nina-bambi-12-piezas-e31","title":{"rendered":"Pantaleta Ni\u00f1a Bambi 12 Piezas E31"},"content":{"rendered":"<p>\u2022 Marca: BAMBI\u00ae<br \/>\n\u2022 Modelo: E31<br \/>\n\u2022 Color: Blanco<br \/>\n\u2022 Material: Algod\u00f3n de alta calidad<br \/>\n\u2022 Dise\u00f1o: Con picueta | Ajuste c\u00f3modo | Puente de algod\u00f3n<br \/>\n\u2022 Contenido del paquete: 12 piezas de calz\u00f3n pantaleta para ni\u00f1a<\/p>\n<p>&nbsp;<\/p>\n","protected":false},"excerpt":{"rendered":"<p>Calz\u00f3n Pantaleta con Picueta para Ni\u00f1a \u2013 Paquete de 12 piezas en color blanco<\/p>\n<p>Algod\u00f3n<\/p>\n","protected":false},"featured_media":2156,"template":"","meta":{"_monsterinsights_skip_tracking":false,"_monsterinsights_sitenote_active":false,"_monsterinsights_sitenote_note":"","_monsterinsights_sitenote_category":0},"product_brand":[],"product_cat":[70,32],"product_tag":[],"class_list":{"0":"post-2147","1":"product","2":"type-product","3":"status-publish","4":"has-post-thumbnail","6":"product_cat-interiores-nina","7":"product_cat-nina","9":"first","10":"instock","11":"taxable","12":"shipping-taxable","13":"purchasable","14":"product-type-variable"},"jetpack_sharing_enabled":true,"_links":{"self":[{"href":"https:\/\/mayoreosdelcentro.com\/index.php?rest_route=\/wp\/v2\/product\/2147","targetHints":{"allow":["GET"]}}],"collection":[{"href":"https:\/\/mayoreosdelcentro.com\/index.php?rest_route=\/wp\/v2\/product"}],"about":[{"href":"https:\/\/mayoreosdelcentro.com\/index.php?rest_route=\/wp\/v2\/types\/product"}],"wp:featuredmedia":[{"embeddable":true,"href":"https:\/\/mayoreosdelcentro.com\/index.php?rest_route=\/wp\/v2\/media\/2156"}],"wp:attachment":[{"href":"https:\/\/mayoreosdelcentro.com\/index.php?rest_route=%2Fwp%2Fv2%2Fmedia&parent=2147"}],"wp:term":[{"taxonomy":"product_brand","embeddable":true,"href":"https:\/\/mayoreosdelcentro.com\/index.php?rest_route=%2Fwp%2Fv2%2Fproduct_brand&post=2147"},{"taxonomy":"product_cat","embeddable":true,"href":"https:\/\/mayoreosdelcentro.com\/index.php?rest_route=%2Fwp%2Fv2%2Fproduct_cat&post=2147"},{"taxonomy":"product_tag","embeddable":true,"href":"https:\/\/mayoreosdelcentro.com\/index.php?rest_route=%2Fwp%2Fv2%2Fproduct_tag&post=2147"}],"curies":[{"name":"wp","href":"https:\/\/api.w.org\/{rel}","templated":true}]}}