{"id":2049,"date":"2025-10-17T18:50:41","date_gmt":"2025-10-17T18:50:41","guid":{"rendered":"https:\/\/mayoreosdelcentro.com\/?post_type=product&#038;p=2049"},"modified":"2025-10-17T18:51:27","modified_gmt":"2025-10-17T18:51:27","slug":"trusa-calzon-bambi-para-nino-3-piezas","status":"publish","type":"product","link":"https:\/\/mayoreosdelcentro.com\/?product=trusa-calzon-bambi-para-nino-3-piezas","title":{"rendered":"Trusa Calz\u00f3n Bambi Para Ni\u00f1o 3 Piezas"},"content":{"rendered":"","protected":false},"excerpt":{"rendered":"<p>Set de 3 piezas trusa de algod\u00f3n corte cl\u00e1sico para ni\u00f1o Bambi<\/p>\n<p>Modelo E14<\/p>\n<p>Color: Blanco<\/p>\n","protected":false},"featured_media":2058,"template":"","meta":{"_monsterinsights_skip_tracking":false,"_monsterinsights_sitenote_active":false,"_monsterinsights_sitenote_note":"","_monsterinsights_sitenote_category":0},"product_brand":[],"product_cat":[23,36],"product_tag":[],"class_list":{"0":"post-2049","1":"product","2":"type-product","3":"status-publish","4":"has-post-thumbnail","6":"product_cat-escolar","7":"product_cat-nino","9":"first","10":"instock","11":"taxable","12":"shipping-taxable","13":"purchasable","14":"product-type-variable"},"jetpack_sharing_enabled":true,"_links":{"self":[{"href":"https:\/\/mayoreosdelcentro.com\/index.php?rest_route=\/wp\/v2\/product\/2049","targetHints":{"allow":["GET"]}}],"collection":[{"href":"https:\/\/mayoreosdelcentro.com\/index.php?rest_route=\/wp\/v2\/product"}],"about":[{"href":"https:\/\/mayoreosdelcentro.com\/index.php?rest_route=\/wp\/v2\/types\/product"}],"wp:featuredmedia":[{"embeddable":true,"href":"https:\/\/mayoreosdelcentro.com\/index.php?rest_route=\/wp\/v2\/media\/2058"}],"wp:attachment":[{"href":"https:\/\/mayoreosdelcentro.com\/index.php?rest_route=%2Fwp%2Fv2%2Fmedia&parent=2049"}],"wp:term":[{"taxonomy":"product_brand","embeddable":true,"href":"https:\/\/mayoreosdelcentro.com\/index.php?rest_route=%2Fwp%2Fv2%2Fproduct_brand&post=2049"},{"taxonomy":"product_cat","embeddable":true,"href":"https:\/\/mayoreosdelcentro.com\/index.php?rest_route=%2Fwp%2Fv2%2Fproduct_cat&post=2049"},{"taxonomy":"product_tag","embeddable":true,"href":"https:\/\/mayoreosdelcentro.com\/index.php?rest_route=%2Fwp%2Fv2%2Fproduct_tag&post=2049"}],"curies":[{"name":"wp","href":"https:\/\/api.w.org\/{rel}","templated":true}]}}