{"id":198,"date":"2024-03-26T15:53:42","date_gmt":"2024-03-26T15:53:42","guid":{"rendered":"https:\/\/mayoreosdelcentro.com\/?post_type=product&#038;p=198"},"modified":"2025-12-23T22:45:43","modified_gmt":"2025-12-23T22:45:43","slug":"calceta-escolar-marca-camila-lisa","status":"publish","type":"product","link":"https:\/\/mayoreosdelcentro.com\/?product=calceta-escolar-marca-camila-lisa","title":{"rendered":"6 Pares Calceta Escolar Marca Camila Lisa"},"content":{"rendered":"<p>Paquete con 6 calcetas escolares marca Camila con un resorte que no lastima ya que est\u00e1 dise\u00f1ado para que sea m\u00e1s suave y c\u00f3modo.<\/p>\n<p>Tallas: 3-5, 6-8, 9-12, 13-18.<\/p>\n<p>Colores:Blanca, marino, rojo, verde obscuro, beige.<\/p>\n<p>Cuidado y Lavado:<br \/>\n-Lavado a mano o m\u00e1quina de lavado con ciclo delicado con agua fr\u00eda y detergente com\u00fan.<br \/>\n-Secar naturalmente dej\u00e1ndolo escurrir.<br \/>\n-No utilizar secadora.<br \/>\n-No usar cloro.<br \/>\n-No exprimir.<\/p>\n<p>*Debido a las diferentes interpretaciones de color en cada pantalla, puede haber una cierta diferencia de color entre el objeto real y la imagen.<\/p>\n","protected":false},"excerpt":{"rendered":"<p>Paquete con 6 calcetas escolares marca Camila con un resorte que no lastima ya que est\u00e1 dise\u00f1ado para que sea m\u00e1s suave y c\u00f3modo.<\/p>\n","protected":false},"featured_media":199,"template":"","meta":{"_monsterinsights_skip_tracking":false,"_monsterinsights_sitenote_active":false,"_monsterinsights_sitenote_note":"","_monsterinsights_sitenote_category":0},"product_brand":[],"product_cat":[23,32],"product_tag":[33,28,34,77,108],"class_list":{"0":"post-198","1":"product","2":"type-product","3":"status-publish","4":"has-post-thumbnail","6":"product_cat-escolar","7":"product_cat-nina","8":"product_tag-calcetas","9":"product_tag-escolar","10":"product_tag-nina","11":"product_tag-uniforme-escolar","12":"product_tag-uniformes-escolares","14":"first","15":"instock","16":"taxable","17":"shipping-taxable","18":"purchasable","19":"product-type-variable"},"jetpack_sharing_enabled":true,"_links":{"self":[{"href":"https:\/\/mayoreosdelcentro.com\/index.php?rest_route=\/wp\/v2\/product\/198","targetHints":{"allow":["GET"]}}],"collection":[{"href":"https:\/\/mayoreosdelcentro.com\/index.php?rest_route=\/wp\/v2\/product"}],"about":[{"href":"https:\/\/mayoreosdelcentro.com\/index.php?rest_route=\/wp\/v2\/types\/product"}],"wp:featuredmedia":[{"embeddable":true,"href":"https:\/\/mayoreosdelcentro.com\/index.php?rest_route=\/wp\/v2\/media\/199"}],"wp:attachment":[{"href":"https:\/\/mayoreosdelcentro.com\/index.php?rest_route=%2Fwp%2Fv2%2Fmedia&parent=198"}],"wp:term":[{"taxonomy":"product_brand","embeddable":true,"href":"https:\/\/mayoreosdelcentro.com\/index.php?rest_route=%2Fwp%2Fv2%2Fproduct_brand&post=198"},{"taxonomy":"product_cat","embeddable":true,"href":"https:\/\/mayoreosdelcentro.com\/index.php?rest_route=%2Fwp%2Fv2%2Fproduct_cat&post=198"},{"taxonomy":"product_tag","embeddable":true,"href":"https:\/\/mayoreosdelcentro.com\/index.php?rest_route=%2Fwp%2Fv2%2Fproduct_tag&post=198"}],"curies":[{"name":"wp","href":"https:\/\/api.w.org\/{rel}","templated":true}]}}