{"id":1975,"date":"2025-10-16T18:56:35","date_gmt":"2025-10-16T18:56:35","guid":{"rendered":"https:\/\/mayoreosdelcentro.com\/?post_type=product&#038;p=1975"},"modified":"2025-10-16T19:01:25","modified_gmt":"2025-10-16T19:01:25","slug":"panalero-estampado-baby-creysi-575","status":"publish","type":"product","link":"https:\/\/mayoreosdelcentro.com\/?product=panalero-estampado-baby-creysi-575","title":{"rendered":"Pa\u00f1alero Estampado Baby Creysi 575"},"content":{"rendered":"","protected":false},"excerpt":{"rendered":"<p>Pa\u00f1alero de algod\u00f3n en manga corta<\/p>\n<p>Baby Creysi modelo 575<\/p>\n<p>&nbsp;<\/p>\n","protected":false},"featured_media":1977,"template":"","meta":{"_monsterinsights_skip_tracking":false,"_monsterinsights_sitenote_active":false,"_monsterinsights_sitenote_note":"","_monsterinsights_sitenote_category":0},"product_brand":[],"product_cat":[157,103],"product_tag":[71,104,158],"class_list":{"0":"post-1975","1":"product","2":"type-product","3":"status-publish","4":"has-post-thumbnail","6":"product_cat-baby-creysi","7":"product_cat-bebe","8":"product_tag-baby-creysi","9":"product_tag-bebe","10":"product_tag-panalero","11":"product_shipping_class-nacional","13":"first","14":"instock","15":"taxable","16":"shipping-taxable","17":"purchasable","18":"product-type-variable"},"jetpack_sharing_enabled":true,"_links":{"self":[{"href":"https:\/\/mayoreosdelcentro.com\/index.php?rest_route=\/wp\/v2\/product\/1975","targetHints":{"allow":["GET"]}}],"collection":[{"href":"https:\/\/mayoreosdelcentro.com\/index.php?rest_route=\/wp\/v2\/product"}],"about":[{"href":"https:\/\/mayoreosdelcentro.com\/index.php?rest_route=\/wp\/v2\/types\/product"}],"wp:featuredmedia":[{"embeddable":true,"href":"https:\/\/mayoreosdelcentro.com\/index.php?rest_route=\/wp\/v2\/media\/1977"}],"wp:attachment":[{"href":"https:\/\/mayoreosdelcentro.com\/index.php?rest_route=%2Fwp%2Fv2%2Fmedia&parent=1975"}],"wp:term":[{"taxonomy":"product_brand","embeddable":true,"href":"https:\/\/mayoreosdelcentro.com\/index.php?rest_route=%2Fwp%2Fv2%2Fproduct_brand&post=1975"},{"taxonomy":"product_cat","embeddable":true,"href":"https:\/\/mayoreosdelcentro.com\/index.php?rest_route=%2Fwp%2Fv2%2Fproduct_cat&post=1975"},{"taxonomy":"product_tag","embeddable":true,"href":"https:\/\/mayoreosdelcentro.com\/index.php?rest_route=%2Fwp%2Fv2%2Fproduct_tag&post=1975"}],"curies":[{"name":"wp","href":"https:\/\/api.w.org\/{rel}","templated":true}]}}