{"id":1972,"date":"2025-10-16T18:52:34","date_gmt":"2025-10-16T18:52:34","guid":{"rendered":"https:\/\/mayoreosdelcentro.com\/?post_type=product&#038;p=1972"},"modified":"2025-10-16T18:52:35","modified_gmt":"2025-10-16T18:52:35","slug":"panalero-estampado-baby-creysi-595","status":"publish","type":"product","link":"https:\/\/mayoreosdelcentro.com\/?product=panalero-estampado-baby-creysi-595","title":{"rendered":"Pa\u00f1alero Estampado Baby Creysi 595"},"content":{"rendered":"","protected":false},"excerpt":{"rendered":"<p>Pa\u00f1alero de algod\u00f3n en manga corta<\/p>\n<p>Baby Creysi modelo 595<\/p>\n<p>&nbsp;<\/p>\n","protected":false},"featured_media":1973,"template":"","meta":{"_monsterinsights_skip_tracking":false,"_monsterinsights_sitenote_active":false,"_monsterinsights_sitenote_note":"","_monsterinsights_sitenote_category":0},"product_brand":[],"product_cat":[103],"product_tag":[71,104,158],"class_list":{"0":"post-1972","1":"product","2":"type-product","3":"status-publish","4":"has-post-thumbnail","6":"product_cat-bebe","7":"product_tag-baby-creysi","8":"product_tag-bebe","9":"product_tag-panalero","10":"product_shipping_class-nacional","12":"first","13":"instock","14":"taxable","15":"shipping-taxable","16":"purchasable","17":"product-type-variable"},"jetpack_sharing_enabled":true,"_links":{"self":[{"href":"https:\/\/mayoreosdelcentro.com\/index.php?rest_route=\/wp\/v2\/product\/1972","targetHints":{"allow":["GET"]}}],"collection":[{"href":"https:\/\/mayoreosdelcentro.com\/index.php?rest_route=\/wp\/v2\/product"}],"about":[{"href":"https:\/\/mayoreosdelcentro.com\/index.php?rest_route=\/wp\/v2\/types\/product"}],"wp:featuredmedia":[{"embeddable":true,"href":"https:\/\/mayoreosdelcentro.com\/index.php?rest_route=\/wp\/v2\/media\/1973"}],"wp:attachment":[{"href":"https:\/\/mayoreosdelcentro.com\/index.php?rest_route=%2Fwp%2Fv2%2Fmedia&parent=1972"}],"wp:term":[{"taxonomy":"product_brand","embeddable":true,"href":"https:\/\/mayoreosdelcentro.com\/index.php?rest_route=%2Fwp%2Fv2%2Fproduct_brand&post=1972"},{"taxonomy":"product_cat","embeddable":true,"href":"https:\/\/mayoreosdelcentro.com\/index.php?rest_route=%2Fwp%2Fv2%2Fproduct_cat&post=1972"},{"taxonomy":"product_tag","embeddable":true,"href":"https:\/\/mayoreosdelcentro.com\/index.php?rest_route=%2Fwp%2Fv2%2Fproduct_tag&post=1972"}],"curies":[{"name":"wp","href":"https:\/\/api.w.org\/{rel}","templated":true}]}}