{"id":1911,"date":"2025-10-16T18:35:30","date_gmt":"2025-10-16T18:35:30","guid":{"rendered":"https:\/\/mayoreosdelcentro.com\/?post_type=product&#038;p=1911"},"modified":"2025-10-24T14:42:15","modified_gmt":"2025-10-24T14:42:15","slug":"pantalon-escolar-gris-oxford","status":"publish","type":"product","link":"https:\/\/mayoreosdelcentro.com\/?product=pantalon-escolar-gris-oxford","title":{"rendered":"Pantalon Escolar Gris Oxford"},"content":{"rendered":"<p><strong>Tela:<\/strong> Golden<br \/>\n<strong>Color:<\/strong> Gris Oxford<\/p>\n<p>Pantal\u00f3n de uso escolar con cintura el\u00e1stica en la parte de atr\u00e1s. Cuenta con bolsillos a los lados.<\/p>\n<p>El uniforme perfecto para el regreso a clases<\/p>\n","protected":false},"excerpt":{"rendered":"<p>Pantal\u00f3n para uniforme de uso escolar en tela sarga<\/p>\n<p>50% poliester 50% viscosa<\/p>\n<p>Tallas infantiles y juveniles<\/p>\n","protected":false},"featured_media":2361,"template":"","meta":{"_monsterinsights_skip_tracking":false,"_monsterinsights_sitenote_active":false,"_monsterinsights_sitenote_note":"","_monsterinsights_sitenote_category":0},"product_brand":[],"product_cat":[23,88],"product_tag":[28,117,77],"class_list":{"0":"post-1911","1":"product","2":"type-product","3":"status-publish","4":"has-post-thumbnail","6":"product_cat-escolar","7":"product_cat-pantalon-escolar","8":"product_tag-escolar","9":"product_tag-pantalon-escolar","10":"product_tag-uniforme-escolar","11":"product_shipping_class-nacional","13":"first","14":"instock","15":"taxable","16":"shipping-taxable","17":"purchasable","18":"product-type-variable"},"jetpack_sharing_enabled":true,"_links":{"self":[{"href":"https:\/\/mayoreosdelcentro.com\/index.php?rest_route=\/wp\/v2\/product\/1911","targetHints":{"allow":["GET"]}}],"collection":[{"href":"https:\/\/mayoreosdelcentro.com\/index.php?rest_route=\/wp\/v2\/product"}],"about":[{"href":"https:\/\/mayoreosdelcentro.com\/index.php?rest_route=\/wp\/v2\/types\/product"}],"wp:featuredmedia":[{"embeddable":true,"href":"https:\/\/mayoreosdelcentro.com\/index.php?rest_route=\/wp\/v2\/media\/2361"}],"wp:attachment":[{"href":"https:\/\/mayoreosdelcentro.com\/index.php?rest_route=%2Fwp%2Fv2%2Fmedia&parent=1911"}],"wp:term":[{"taxonomy":"product_brand","embeddable":true,"href":"https:\/\/mayoreosdelcentro.com\/index.php?rest_route=%2Fwp%2Fv2%2Fproduct_brand&post=1911"},{"taxonomy":"product_cat","embeddable":true,"href":"https:\/\/mayoreosdelcentro.com\/index.php?rest_route=%2Fwp%2Fv2%2Fproduct_cat&post=1911"},{"taxonomy":"product_tag","embeddable":true,"href":"https:\/\/mayoreosdelcentro.com\/index.php?rest_route=%2Fwp%2Fv2%2Fproduct_tag&post=1911"}],"curies":[{"name":"wp","href":"https:\/\/api.w.org\/{rel}","templated":true}]}}