{"id":1672,"date":"2025-09-30T17:14:31","date_gmt":"2025-09-30T17:14:31","guid":{"rendered":"https:\/\/mayoreosdelcentro.com\/?post_type=product&#038;p=1672"},"modified":"2025-09-30T17:14:31","modified_gmt":"2025-09-30T17:14:31","slug":"malla-polar-efecto-piel-camelia","status":"publish","type":"product","link":"https:\/\/mayoreosdelcentro.com\/?product=malla-polar-efecto-piel-camelia","title":{"rendered":"Malla Polar Efecto Piel Camelia"},"content":{"rendered":"","protected":false},"excerpt":{"rendered":"<p>Malla forrada con felpa en efecto piel, con ajuste el\u00e1stico y c\u00f3modo.<\/p>\n<p>Simula pantimedia transparente. Alto grosor que te mantendr\u00e1 c\u00e1lida en \u00e9pocas fr\u00edas.<\/p>\n<p>88% poliester y 12% elastano<\/p>\n","protected":false},"featured_media":1690,"template":"","meta":{"_monsterinsights_skip_tracking":false,"_monsterinsights_sitenote_active":false,"_monsterinsights_sitenote_note":"","_monsterinsights_sitenote_category":0},"product_brand":[],"product_cat":[45,44],"product_tag":[131,132,60],"class_list":{"0":"post-1672","1":"product","2":"type-product","3":"status-publish","4":"has-post-thumbnail","6":"product_cat-mallas-mujer","7":"product_cat-mujer","8":"product_tag-malla","9":"product_tag-malla-polar","10":"product_tag-mujer","11":"product_shipping_class-nacional","13":"first","14":"instock","15":"taxable","16":"shipping-taxable","17":"purchasable","18":"product-type-simple"},"jetpack_sharing_enabled":true,"_links":{"self":[{"href":"https:\/\/mayoreosdelcentro.com\/index.php?rest_route=\/wp\/v2\/product\/1672","targetHints":{"allow":["GET"]}}],"collection":[{"href":"https:\/\/mayoreosdelcentro.com\/index.php?rest_route=\/wp\/v2\/product"}],"about":[{"href":"https:\/\/mayoreosdelcentro.com\/index.php?rest_route=\/wp\/v2\/types\/product"}],"wp:featuredmedia":[{"embeddable":true,"href":"https:\/\/mayoreosdelcentro.com\/index.php?rest_route=\/wp\/v2\/media\/1690"}],"wp:attachment":[{"href":"https:\/\/mayoreosdelcentro.com\/index.php?rest_route=%2Fwp%2Fv2%2Fmedia&parent=1672"}],"wp:term":[{"taxonomy":"product_brand","embeddable":true,"href":"https:\/\/mayoreosdelcentro.com\/index.php?rest_route=%2Fwp%2Fv2%2Fproduct_brand&post=1672"},{"taxonomy":"product_cat","embeddable":true,"href":"https:\/\/mayoreosdelcentro.com\/index.php?rest_route=%2Fwp%2Fv2%2Fproduct_cat&post=1672"},{"taxonomy":"product_tag","embeddable":true,"href":"https:\/\/mayoreosdelcentro.com\/index.php?rest_route=%2Fwp%2Fv2%2Fproduct_tag&post=1672"}],"curies":[{"name":"wp","href":"https:\/\/api.w.org\/{rel}","templated":true}]}}