{"id":1616,"date":"2025-09-24T19:04:16","date_gmt":"2025-09-24T19:04:16","guid":{"rendered":"https:\/\/mayoreosdelcentro.com\/?post_type=product&#038;p=1616"},"modified":"2025-09-30T17:16:03","modified_gmt":"2025-09-30T17:16:03","slug":"juego-de-sabanas-tecto-algodon","status":"publish","type":"product","link":"https:\/\/mayoreosdelcentro.com\/?product=juego-de-sabanas-tecto-algodon","title":{"rendered":"Juego de S\u00e1banas Tecto Algod\u00f3n"},"content":{"rendered":"","protected":false},"excerpt":{"rendered":"<p>Juego de sabana 2500 hilos de 100% poli\u00e9ster con tacto algod\u00f3n egipcio<\/p>\n","protected":false},"featured_media":1617,"template":"","meta":{"_monsterinsights_skip_tracking":false,"_monsterinsights_sitenote_active":false,"_monsterinsights_sitenote_note":"","_monsterinsights_sitenote_category":0},"product_brand":[],"product_cat":[38],"product_tag":[133,127,126],"class_list":{"0":"post-1616","1":"product","2":"type-product","3":"status-publish","4":"has-post-thumbnail","6":"product_cat-blancos","7":"product_tag-cama","8":"product_tag-juego-de-sabanas","9":"product_tag-sabanas","10":"product_shipping_class-nacional","12":"first","13":"instock","14":"taxable","15":"shipping-taxable","16":"purchasable","17":"product-type-variable"},"jetpack_sharing_enabled":true,"_links":{"self":[{"href":"https:\/\/mayoreosdelcentro.com\/index.php?rest_route=\/wp\/v2\/product\/1616","targetHints":{"allow":["GET"]}}],"collection":[{"href":"https:\/\/mayoreosdelcentro.com\/index.php?rest_route=\/wp\/v2\/product"}],"about":[{"href":"https:\/\/mayoreosdelcentro.com\/index.php?rest_route=\/wp\/v2\/types\/product"}],"wp:featuredmedia":[{"embeddable":true,"href":"https:\/\/mayoreosdelcentro.com\/index.php?rest_route=\/wp\/v2\/media\/1617"}],"wp:attachment":[{"href":"https:\/\/mayoreosdelcentro.com\/index.php?rest_route=%2Fwp%2Fv2%2Fmedia&parent=1616"}],"wp:term":[{"taxonomy":"product_brand","embeddable":true,"href":"https:\/\/mayoreosdelcentro.com\/index.php?rest_route=%2Fwp%2Fv2%2Fproduct_brand&post=1616"},{"taxonomy":"product_cat","embeddable":true,"href":"https:\/\/mayoreosdelcentro.com\/index.php?rest_route=%2Fwp%2Fv2%2Fproduct_cat&post=1616"},{"taxonomy":"product_tag","embeddable":true,"href":"https:\/\/mayoreosdelcentro.com\/index.php?rest_route=%2Fwp%2Fv2%2Fproduct_tag&post=1616"}],"curies":[{"name":"wp","href":"https:\/\/api.w.org\/{rel}","templated":true}]}}