{"id":1502,"date":"2025-09-10T21:39:11","date_gmt":"2025-09-10T21:39:11","guid":{"rendered":"https:\/\/mayoreosdelcentro.com\/?post_type=product&#038;p=1502"},"modified":"2025-09-30T18:21:08","modified_gmt":"2025-09-30T18:21:08","slug":"leotardo-nina-manga-larga-camelia","status":"publish","type":"product","link":"https:\/\/mayoreosdelcentro.com\/?product=leotardo-nina-manga-larga-camelia","title":{"rendered":"Leotardo Ni\u00f1a Manga Larga Camelia"},"content":{"rendered":"<p>Leotardo para ni\u00f1a confeccionado con materiales de alta calidad, este leotardo ofrece una combinaci\u00f3n perfecta de comodidad y estilo. La manga corta proporciona una gran libertad de movimiento en los brazos, mientras que el cuello redondo y el ajuste ce\u00f1ido crean una elegante silueta en el cuerpo.<br \/>\nEste leotardo est\u00e1 disponible en una variedad de colores. Adem\u00e1s, la calidad de su tela hace que sea f\u00e1cil de cuidar y muy duradero.<br \/>\nPerfecto para el ballet y los festivales escolares, este leotardo de manga corta es una elecci\u00f3n elegante y c\u00f3moda que seguro le encantar\u00e1.<\/p>\n<p>&#8211; Tela transpirable para uso deportivo<br \/>\n&#8211; S\u00faper el\u00e1stico<br \/>\n&#8211; Tela suave<br \/>\n&#8211; Ajuste perfecto en la parte baja sin broches<br \/>\n&#8211; Disponible en varios colores<\/p>\n","protected":false},"excerpt":{"rendered":"<p>Manga: Corta<br \/>\nMarca: Camelia<br \/>\nModelo: 2011<br \/>\nComposici\u00f3n: 70% Poliamida, 30% Elastano<\/p>\n","protected":false},"featured_media":1519,"template":"","meta":{"_monsterinsights_skip_tracking":false,"_monsterinsights_sitenote_active":false,"_monsterinsights_sitenote_note":"","_monsterinsights_sitenote_category":0},"product_brand":[],"product_cat":[70,32],"product_tag":[123,122,34],"class_list":{"0":"post-1502","1":"product","2":"type-product","3":"status-publish","4":"has-post-thumbnail","6":"product_cat-interiores-nina","7":"product_cat-nina","8":"product_tag-camelia","9":"product_tag-leotardo","10":"product_tag-nina","11":"product_shipping_class-nacional","13":"first","14":"instock","15":"taxable","16":"shipping-taxable","17":"purchasable","18":"product-type-variable"},"jetpack_sharing_enabled":true,"_links":{"self":[{"href":"https:\/\/mayoreosdelcentro.com\/index.php?rest_route=\/wp\/v2\/product\/1502","targetHints":{"allow":["GET"]}}],"collection":[{"href":"https:\/\/mayoreosdelcentro.com\/index.php?rest_route=\/wp\/v2\/product"}],"about":[{"href":"https:\/\/mayoreosdelcentro.com\/index.php?rest_route=\/wp\/v2\/types\/product"}],"wp:featuredmedia":[{"embeddable":true,"href":"https:\/\/mayoreosdelcentro.com\/index.php?rest_route=\/wp\/v2\/media\/1519"}],"wp:attachment":[{"href":"https:\/\/mayoreosdelcentro.com\/index.php?rest_route=%2Fwp%2Fv2%2Fmedia&parent=1502"}],"wp:term":[{"taxonomy":"product_brand","embeddable":true,"href":"https:\/\/mayoreosdelcentro.com\/index.php?rest_route=%2Fwp%2Fv2%2Fproduct_brand&post=1502"},{"taxonomy":"product_cat","embeddable":true,"href":"https:\/\/mayoreosdelcentro.com\/index.php?rest_route=%2Fwp%2Fv2%2Fproduct_cat&post=1502"},{"taxonomy":"product_tag","embeddable":true,"href":"https:\/\/mayoreosdelcentro.com\/index.php?rest_route=%2Fwp%2Fv2%2Fproduct_tag&post=1502"}],"curies":[{"name":"wp","href":"https:\/\/api.w.org\/{rel}","templated":true}]}}