{"id":1165,"date":"2025-07-09T23:10:16","date_gmt":"2025-07-09T23:10:16","guid":{"rendered":"https:\/\/mayoreosdelcentro.com\/?post_type=product&#038;p=1165"},"modified":"2025-09-30T18:24:46","modified_gmt":"2025-09-30T18:24:46","slug":"pantalon-paladin-escolar-el-arenal","status":"publish","type":"product","link":"https:\/\/mayoreosdelcentro.com\/?product=pantalon-paladin-escolar-el-arenal","title":{"rendered":"Pantal\u00f3n Escolar Gales Verde &#8220;El Arenal&#8221;"},"content":{"rendered":"<p>Pantal\u00f3n de uso escolar para ni\u00f1o y caballero en tela gales verde<\/p>\n<p>Marca Uniformes El Arenal<\/p>\n<p>100% Hecho en M\u00e9xico<\/p>\n<p>&nbsp;<\/p>\n","protected":false},"excerpt":{"rendered":"<p>Pantal\u00f3n escolar para ni\u00f1o y caballero en tela gales verde<\/p>\n<p>100% Hecho en M\u00e9xico<\/p>\n","protected":false},"featured_media":1297,"template":"","meta":{"_monsterinsights_skip_tracking":false,"_monsterinsights_sitenote_active":false,"_monsterinsights_sitenote_note":"","_monsterinsights_sitenote_category":0},"product_brand":[],"product_cat":[81,23,25,36,88,85],"product_tag":[],"class_list":{"0":"post-1165","1":"product","2":"type-product","3":"status-publish","4":"has-post-thumbnail","6":"product_cat-el-arenal","7":"product_cat-escolar","8":"product_cat-hombre","9":"product_cat-nino","10":"product_cat-pantalon-escolar","11":"product_cat-uniformes-el-arenal","12":"product_shipping_class-nacional","14":"first","15":"instock","16":"taxable","17":"shipping-taxable","18":"purchasable","19":"product-type-variable"},"jetpack_sharing_enabled":true,"_links":{"self":[{"href":"https:\/\/mayoreosdelcentro.com\/index.php?rest_route=\/wp\/v2\/product\/1165","targetHints":{"allow":["GET"]}}],"collection":[{"href":"https:\/\/mayoreosdelcentro.com\/index.php?rest_route=\/wp\/v2\/product"}],"about":[{"href":"https:\/\/mayoreosdelcentro.com\/index.php?rest_route=\/wp\/v2\/types\/product"}],"wp:featuredmedia":[{"embeddable":true,"href":"https:\/\/mayoreosdelcentro.com\/index.php?rest_route=\/wp\/v2\/media\/1297"}],"wp:attachment":[{"href":"https:\/\/mayoreosdelcentro.com\/index.php?rest_route=%2Fwp%2Fv2%2Fmedia&parent=1165"}],"wp:term":[{"taxonomy":"product_brand","embeddable":true,"href":"https:\/\/mayoreosdelcentro.com\/index.php?rest_route=%2Fwp%2Fv2%2Fproduct_brand&post=1165"},{"taxonomy":"product_cat","embeddable":true,"href":"https:\/\/mayoreosdelcentro.com\/index.php?rest_route=%2Fwp%2Fv2%2Fproduct_cat&post=1165"},{"taxonomy":"product_tag","embeddable":true,"href":"https:\/\/mayoreosdelcentro.com\/index.php?rest_route=%2Fwp%2Fv2%2Fproduct_tag&post=1165"}],"curies":[{"name":"wp","href":"https:\/\/api.w.org\/{rel}","templated":true}]}}