{"id":166,"date":"2024-03-24T17:02:55","date_gmt":"2024-03-24T17:02:55","guid":{"rendered":"https:\/\/mayoreosdelcentro.com\/?page_id=166"},"modified":"2025-10-20T17:52:05","modified_gmt":"2025-10-20T17:52:05","slug":"novedades","status":"publish","type":"page","link":"https:\/\/mayoreosdelcentro.com\/","title":{"rendered":"El Arenal"},"content":{"rendered":"\n<h3 class=\"wp-block-heading has-text-align-center has-medium-font-size\">El Arenal Uniformes: Una l\u00ednea de uniformes escolares para todos<\/h3>\n\n\n<div data-block-name=\"woocommerce\/handpicked-products\" data-products=\"[832,849,1216]\" class=\"wc-block-grid wp-block-handpicked-products wp-block-woocommerce-handpicked-products wc-block-handpicked-products has-3-columns has-multiple-rows\"><ul class=\"wc-block-grid__products\"><li class=\"wc-block-grid__product\">\n\t\t\t\t<a href=\"https:\/\/mayoreosdelcentro.com\/?product=playera-escolar-tipo-polo-el-arenal\" class=\"wc-block-grid__product-link\">\n\t\t\t\t\t\n\t\t\t\t\t<div class=\"wc-block-grid__product-image\"><img loading=\"lazy\" decoding=\"async\" width=\"300\" height=\"300\" src=\"https:\/\/mayoreosdelcentro.com\/wp-content\/uploads\/2025\/07\/83-300x300.jpg\" class=\"attachment-woocommerce_thumbnail size-woocommerce_thumbnail\" alt=\"Playera Escolar Tipo Polo &quot;El Arenal&quot;\" srcset=\"https:\/\/mayoreosdelcentro.com\/wp-content\/uploads\/2025\/07\/83-300x300.jpg 300w, https:\/\/mayoreosdelcentro.com\/wp-content\/uploads\/2025\/07\/83-150x150.jpg 150w, https:\/\/mayoreosdelcentro.com\/wp-content\/uploads\/2025\/07\/83-100x100.jpg 100w\" sizes=\"auto, (max-width: 300px) 100vw, 300px\" \/><\/div>\n\t\t\t\t\t<div class=\"wc-block-grid__product-title\">Playera Escolar Tipo Polo &#8220;El Arenal&#8221;<\/div>\n\t\t\t\t<\/a>\n\t\t\t\t<div class=\"wc-block-grid__product-price price\"><span class=\"woocommerce-Price-amount amount\" aria-hidden=\"true\"><span class=\"woocommerce-Price-currencySymbol\">&#036;<\/span>99.00<\/span> <span aria-hidden=\"true\">&ndash;<\/span> <span class=\"woocommerce-Price-amount amount\" aria-hidden=\"true\"><span class=\"woocommerce-Price-currencySymbol\">&#036;<\/span>119.00<\/span><span class=\"screen-reader-text\">Price range: &#036;99.00 through &#036;119.00<\/span><\/div>\n\t\t\t\t\n\t\t\t\t<div class=\"wp-block-button wc-block-grid__product-add-to-cart\"><a href=\"https:\/\/mayoreosdelcentro.com\/?product=playera-escolar-tipo-polo-el-arenal\" aria-label=\"Elige las opciones para &ldquo;Playera Escolar Tipo Polo &quot;El Arenal&quot;&rdquo;\" data-quantity=\"1\" data-product_id=\"1216\" data-product_sku=\"\" data-price=\"99\" rel=\"nofollow\" class=\"wp-block-button__link  add_to_cart_button\">Seleccionar opciones<\/a><\/div>\n\t\t\t<\/li><li class=\"wc-block-grid__product\">\n\t\t\t\t<a href=\"https:\/\/mayoreosdelcentro.com\/?product=pantalon-escolar-de-polilana-el-arenal\" class=\"wc-block-grid__product-link\">\n\t\t\t\t\t\n\t\t\t\t\t<div class=\"wc-block-grid__product-image\"><img loading=\"lazy\" decoding=\"async\" width=\"300\" height=\"300\" src=\"https:\/\/mayoreosdelcentro.com\/wp-content\/uploads\/2024\/09\/86-300x300.jpg\" class=\"attachment-woocommerce_thumbnail size-woocommerce_thumbnail\" alt=\"Pantal\u00f3n Escolar de Polilana El Arenal\" srcset=\"https:\/\/mayoreosdelcentro.com\/wp-content\/uploads\/2024\/09\/86-300x300.jpg 300w, https:\/\/mayoreosdelcentro.com\/wp-content\/uploads\/2024\/09\/86-150x150.jpg 150w, https:\/\/mayoreosdelcentro.com\/wp-content\/uploads\/2024\/09\/86-100x100.jpg 100w\" sizes=\"auto, (max-width: 300px) 100vw, 300px\" \/><\/div>\n\t\t\t\t\t<div class=\"wc-block-grid__product-title\">Pantal\u00f3n Escolar de Polilana El Arenal<\/div>\n\t\t\t\t<\/a>\n\t\t\t\t<div class=\"wc-block-grid__product-price price\"><span class=\"woocommerce-Price-amount amount\" aria-hidden=\"true\"><span class=\"woocommerce-Price-currencySymbol\">&#036;<\/span>150.00<\/span> <span aria-hidden=\"true\">&ndash;<\/span> <span class=\"woocommerce-Price-amount amount\" aria-hidden=\"true\"><span class=\"woocommerce-Price-currencySymbol\">&#036;<\/span>215.00<\/span><span class=\"screen-reader-text\">Price range: &#036;150.00 through &#036;215.00<\/span><\/div>\n\t\t\t\t\n\t\t\t\t<div class=\"wp-block-button wc-block-grid__product-add-to-cart\"><a href=\"https:\/\/mayoreosdelcentro.com\/?product=pantalon-escolar-de-polilana-el-arenal\" aria-label=\"Elige las opciones para &ldquo;Pantal\u00f3n Escolar de Polilana El Arenal&rdquo;\" data-quantity=\"1\" data-product_id=\"849\" data-product_sku=\"\" data-price=\"150\" rel=\"nofollow\" class=\"wp-block-button__link  add_to_cart_button\">Seleccionar opciones<\/a><\/div>\n\t\t\t<\/li><li class=\"wc-block-grid__product\">\n\t\t\t\t<a href=\"https:\/\/mayoreosdelcentro.com\/?product=guante-escolar-marca-el-arenal\" class=\"wc-block-grid__product-link\">\n\t\t\t\t\t\n\t\t\t\t\t<div class=\"wc-block-grid__product-image\"><img loading=\"lazy\" decoding=\"async\" width=\"300\" height=\"300\" src=\"https:\/\/mayoreosdelcentro.com\/wp-content\/uploads\/2024\/09\/82-300x300.jpg\" class=\"attachment-woocommerce_thumbnail size-woocommerce_thumbnail\" alt=\"Guante Escolar El Arenal\" srcset=\"https:\/\/mayoreosdelcentro.com\/wp-content\/uploads\/2024\/09\/82-300x300.jpg 300w, https:\/\/mayoreosdelcentro.com\/wp-content\/uploads\/2024\/09\/82-150x150.jpg 150w, https:\/\/mayoreosdelcentro.com\/wp-content\/uploads\/2024\/09\/82-100x100.jpg 100w\" sizes=\"auto, (max-width: 300px) 100vw, 300px\" \/><\/div>\n\t\t\t\t\t<div class=\"wc-block-grid__product-title\">Guante Escolar El Arenal<\/div>\n\t\t\t\t<\/a>\n\t\t\t\t<div class=\"wc-block-grid__product-price price\"><span class=\"woocommerce-Price-amount amount\"><span class=\"woocommerce-Price-currencySymbol\">&#036;<\/span>70.00<\/span><\/div>\n\t\t\t\t\n\t\t\t\t<div class=\"wp-block-button wc-block-grid__product-add-to-cart\"><a href=\"https:\/\/mayoreosdelcentro.com\/?product=guante-escolar-marca-el-arenal\" aria-label=\"Elige las opciones para &ldquo;Guante Escolar El Arenal&rdquo;\" data-quantity=\"1\" data-product_id=\"832\" data-product_sku=\"\" data-price=\"70\" rel=\"nofollow\" class=\"wp-block-button__link  add_to_cart_button\">Seleccionar opciones<\/a><\/div>\n\t\t\t<\/li><\/ul><\/div>\n\n\n<h3 class=\"wp-block-heading has-text-align-center\">El Arenal Kids: Ropa y art\u00edculos para beb\u00e9 hechos de algod\u00f3n <\/h3>\n\n\n\n<div data-wp-context=\"{&quot;notices&quot;:[],&quot;hideNextPreviousButtons&quot;:false,&quot;isDisabledPrevious&quot;:true,&quot;isDisabledNext&quot;:false,&quot;ariaLabelPrevious&quot;:&quot;Desplazarse por los productos hacia la izquierda&quot;,&quot;ariaLabelNext&quot;:&quot;Desplazarse por los productos hacia la derecha&quot;,&quot;collection&quot;:&quot;woocommerce\\\/product-collection\\\/hand-picked&quot;}\" data-wp-init=\"callbacks.onRender\" data-wp-interactive=\"woocommerce\/product-collection\" data-wp-router-region=\"wc-product-collection-0\" data-__private-preview-state=\"{&quot;isPreview&quot;:false,&quot;previewMessage&quot;:&quot;Actual products will vary depending on the page being viewed.&quot;}\" data-block-name=\"woocommerce\/product-collection\" data-collection=\"woocommerce\/product-collection\/hand-picked\" data-dimensions=\"{&quot;widthType&quot;:&quot;fill&quot;}\" data-display-layout=\"{&quot;type&quot;:&quot;flex&quot;,&quot;columns&quot;:4,&quot;shrinkColumns&quot;:true}\" data-hide-controls=\"[&quot;inherit&quot;,&quot;hand-picked&quot;,&quot;filterable&quot;,&quot;order&quot;]\" data-query-context-includes=\"[&quot;collection&quot;]\" data-query-id=\"0\" data-query=\"{&quot;perPage&quot;:4,&quot;pages&quot;:0,&quot;offset&quot;:0,&quot;postType&quot;:&quot;product&quot;,&quot;order&quot;:&quot;asc&quot;,&quot;orderBy&quot;:&quot;post__in&quot;,&quot;search&quot;:&quot;&quot;,&quot;exclude&quot;:[],&quot;inherit&quot;:false,&quot;taxQuery&quot;:[],&quot;isProductCollectionBlock&quot;:true,&quot;featured&quot;:false,&quot;woocommerceOnSale&quot;:false,&quot;woocommerceStockStatus&quot;:[&quot;instock&quot;,&quot;outofstock&quot;,&quot;onbackorder&quot;],&quot;woocommerceAttributes&quot;:[],&quot;woocommerceHandPickedProducts&quot;:[&quot;1059&quot;,&quot;1430&quot;],&quot;filterable&quot;:false,&quot;relatedBy&quot;:{&quot;categories&quot;:true,&quot;tags&quot;:true}}\" data-tag-name=\"div\" class=\"wp-block-woocommerce-product-collection is-layout-flow wp-block-product-collection-is-layout-flow\">\t\t<div data-wp-interactive=\"woocommerce\/store-notices\" class=\"wc-block-components-notices alignwide\">\n\t\t\t<template data-wp-each--notice=\"state.notices\" data-wp-each-key=\"context.notice.id\">\n\t\t\t\t<div\n\t\t\t\t\tclass=\"wc-block-components-notice-banner\"\n\t\t\t\t\tdata-wp-init=\"callbacks.scrollIntoView\"\n\t\t\t\t\tdata-wp-class--is-error=\"state.isError\"\n\t\t\t\t\tdata-wp-class--is-success =\"state.isSuccess\"\n\t\t\t\t\tdata-wp-class--is-info=\"state.isInfo\"\n\t\t\t\t\tdata-wp-class--is-dismissible=\"context.notice.dismissible\"\n\t\t\t\t\tdata-wp-bind--role=\"state.role\"\n\t\t\t\t>\n\t\t\t\t\t<svg xmlns=\"http:\/\/www.w3.org\/2000\/svg\" viewBox=\"0 0 24 24\" width=\"24\" height=\"24\" aria-hidden=\"true\" focusable=\"false\">\n\t\t\t\t\t\t<path data-wp-bind--d=\"state.iconPath\"><\/path>\n\t\t\t\t\t<\/svg>\n\t\t\t\t\t<div class=\"wc-block-components-notice-banner__content\">\n\t\t\t\t\t\t<span data-wp-init=\"callbacks.renderNoticeContent\" aria-live=\"assertive\" aria-atomic=\"true\"><\/span>\n\t\t\t\t\t<\/div>\n\t\t\t\t\t<button\n\t\t\t\t\t\tdata-wp-bind--hidden=\"!context.notice.dismissible\"\n\t\t\t\t\t\tclass=\"wc-block-components-button wp-element-button wc-block-components-notice-banner__dismiss contained\"\n\t\t\t\t\t\taria-label=\"Descartar este aviso\"\n\t\t\t\t\t\tdata-wp-on--click=\"actions.removeNotice\"\n\t\t\t\t\t>\n\t\t\t\t\t\t<svg xmlns=\"http:\/\/www.w3.org\/2000\/svg\" viewBox=\"0 0 24 24\">\n\t\t\t\t\t\t\t<path d=\"M13 11.8l6.1-6.3-1-1-6.1 6.2-6.1-6.2-1 1 6.1 6.3-6.5 6.7 1 1 6.5-6.6 6.5 6.6 1-1z\" \/>\n\t\t\t\t\t\t<\/svg>\n\t\t\t\t\t<\/button>\n\t\t\t\t<\/div>\n\t\t\t<\/template>\n\t\t<\/div>\n\t\t\n<p><\/p>\n\n\n<ul data-block-name=\"woocommerce\/product-template\" class=\"wc-block-product-template__responsive columns-4 wc-block-product-template wp-block-woocommerce-product-template is-layout-flow wp-block-product-template-is-layout-flow\" data-wp-on--scroll=\"actions.watchScroll\" data-wp-init=\"callbacks.initResizeObserver\"><li class=\"wc-block-product post-1059 product type-product status-publish has-post-thumbnail product_cat-bebe product_cat-el-arenal-kids product_tag-bebe product_tag-el-arenal-kids product_tag-sabanitas first instock taxable shipping-taxable purchasable product-type-variable\"\n\t\t\t\t\t\n\t\t\t\tdata-wp-interactive=\"woocommerce\/product-collection\"\n\t\t\t\tdata-wp-context='{\"productId\":1059}'\n\t\t\t\tdata-wp-key=\"product-item-1059\"\n\t\t\t\n\t\t\t\t>\n\t\t\t\t\t\n<div data-block-name=\"woocommerce\/product-image\" data-image-sizing=\"thumbnail\" data-is-descendent-of-query-loop=\"true\" data-show-sale-badge=\"false\" class=\"wc-block-components-product-image wc-block-grid__product-image wc-block-components-product-image--aspect-ratio-auto wp-block-woocommerce-product-image\"><a href=\"https:\/\/mayoreosdelcentro.com\/?product=sabanita-multiusos-algodon\" style=\"\" data-wp-on--click=\"woocommerce\/product-collection::actions.viewProduct\"><img loading=\"lazy\" decoding=\"async\" width=\"300\" height=\"300\" src=\"https:\/\/mayoreosdelcentro.com\/wp-content\/uploads\/2024\/12\/Cobertor-Sobrecamero-Matrimonial69-300x300.jpg\" class=\"attachment-woocommerce_thumbnail size-woocommerce_thumbnail\" alt=\"S\u00e1banita Multiusos Algod\u00f3n\" data-testid=\"product-image\" data-image-id=\"1444\" style=\"object-fit:cover;\" srcset=\"https:\/\/mayoreosdelcentro.com\/wp-content\/uploads\/2024\/12\/Cobertor-Sobrecamero-Matrimonial69-300x300.jpg 300w, https:\/\/mayoreosdelcentro.com\/wp-content\/uploads\/2024\/12\/Cobertor-Sobrecamero-Matrimonial69-150x150.jpg 150w, https:\/\/mayoreosdelcentro.com\/wp-content\/uploads\/2024\/12\/Cobertor-Sobrecamero-Matrimonial69-100x100.jpg 100w\" sizes=\"auto, (max-width: 300px) 100vw, 300px\" \/><div class=\"wc-block-components-product-image__inner-container\">\n\n<\/div><\/a><\/div>\n\n<h2 style=\"line-height:1.4; margin-bottom:0.75rem;margin-top:0;\" class=\"has-text-align-center wp-block-post-title has-medium-font-size\"><a data-wp-on--click=\"woocommerce\/product-collection::actions.viewProduct\" href=\"https:\/\/mayoreosdelcentro.com\/?product=sabanita-multiusos-algodon\" target=\"_self\" >S\u00e1banita Multiusos Algod\u00f3n<\/a><\/h2>\n\n<div data-block-name=\"woocommerce\/product-price\" data-font-size=\"small\" data-is-descendent-of-query-loop=\"true\" data-text-align=\"center\" class=\"wp-block-woocommerce-product-price\" ><div class=\"wc-block-components-product-price wc-block-grid__product-price has-text-align-center has-font-size has-small-font-size has-text-align-center\" style=\"\" >\n\t\t\t\t\t<span class=\"woocommerce-Price-amount amount\"><bdi><span class=\"woocommerce-Price-currencySymbol\">&#36;<\/span>250.00<\/bdi><\/span>\n\t\t\t\t<\/div><\/div>\n\n<div data-block-name=\"woocommerce\/product-button\" data-font-size=\"small\" data-is-descendent-of-query-loop=\"true\" data-text-align=\"center\" class=\"wp-block-button wc-block-components-product-button   align-center wp-block-woocommerce-product-button has-small-font-size\"\n\t\t\t\t\t\n\t\t\t\t\tdata-wp-context='{\"quantityToAdd\":1,\"productId\":1059,\"productType\":\"variable\",\"addToCartText\":\"Seleccionar opciones\",\"tempQuantity\":0,\"animationStatus\":\"IDLE\",\"inTheCartText\":\"### in cart\",\"noticeId\":\"\",\"hasPressedButton\":false}'\n\t\t\t\t>\n\t\t\t\t\t<a\n\t\t\t\t\t\tclass=\"wp-block-button__link wp-element-button wc-block-components-product-button__button add_to_cart_button product_type_variable has-font-size has-small-font-size has-text-align-center wc-interactive\"\n\t\t\t\t\t\tstyle=\"\"\n\t\t\t\t\t\thref=\"https:\/\/mayoreosdelcentro.com\/?product=sabanita-multiusos-algodon\" rel=\"nofollow\" data-product_id=\"1059\" data-product_sku=\"\" aria-label=\"Elige las opciones para &ldquo;S\u00e1banita Multiusos Algod\u00f3n&rdquo;\"\n\t\t\t\t\t\tdata-wp-on--click=\"woocommerce\/product-collection::actions.viewProduct\"\n\t\t\t\t\t>\n\t\t\t\t\t<span >Seleccionar opciones<\/span>\n\t\t\t\t\t<\/a>\n\t\t\t\t\t\n\t\t\t\t<\/div>\n\n\t\t\t\t<\/li><li class=\"wc-block-product post-1430 product type-product status-publish has-post-thumbnail product_cat-bebe product_cat-blancos product_cat-el-arenal product_cat-el-arenal-kids product_shipping_class-nacional  instock taxable shipping-taxable purchasable product-type-variable\"\n\t\t\t\t\t\n\t\t\t\tdata-wp-interactive=\"woocommerce\/product-collection\"\n\t\t\t\tdata-wp-context='{\"productId\":1430}'\n\t\t\t\tdata-wp-key=\"product-item-1430\"\n\t\t\t\n\t\t\t\t>\n\t\t\t\t\t\n<div data-block-name=\"woocommerce\/product-image\" data-image-sizing=\"thumbnail\" data-is-descendent-of-query-loop=\"true\" data-show-sale-badge=\"false\" class=\"wc-block-components-product-image wc-block-grid__product-image wc-block-components-product-image--aspect-ratio-auto wp-block-woocommerce-product-image\"><a href=\"https:\/\/mayoreosdelcentro.com\/?product=sabana-de-muselina-para-bebe\" style=\"\" data-wp-on--click=\"woocommerce\/product-collection::actions.viewProduct\"><img loading=\"lazy\" decoding=\"async\" width=\"300\" height=\"300\" src=\"https:\/\/mayoreosdelcentro.com\/wp-content\/uploads\/2025\/09\/61-300x300.jpg\" class=\"attachment-woocommerce_thumbnail size-woocommerce_thumbnail\" alt=\"Sabana de Muselina para Beb\u00e9\" data-testid=\"product-image\" data-image-id=\"1432\" style=\"object-fit:cover;\" srcset=\"https:\/\/mayoreosdelcentro.com\/wp-content\/uploads\/2025\/09\/61-300x300.jpg 300w, https:\/\/mayoreosdelcentro.com\/wp-content\/uploads\/2025\/09\/61-150x150.jpg 150w, https:\/\/mayoreosdelcentro.com\/wp-content\/uploads\/2025\/09\/61-100x100.jpg 100w\" sizes=\"auto, (max-width: 300px) 100vw, 300px\" \/><div class=\"wc-block-components-product-image__inner-container\">\n\n<\/div><\/a><\/div>\n\n<h2 style=\"line-height:1.4; margin-bottom:0.75rem;margin-top:0;\" class=\"has-text-align-center wp-block-post-title has-medium-font-size\"><a data-wp-on--click=\"woocommerce\/product-collection::actions.viewProduct\" href=\"https:\/\/mayoreosdelcentro.com\/?product=sabana-de-muselina-para-bebe\" target=\"_self\" >Sabana de Muselina para Beb\u00e9<\/a><\/h2>\n\n<div data-block-name=\"woocommerce\/product-price\" data-font-size=\"small\" data-is-descendent-of-query-loop=\"true\" data-text-align=\"center\" class=\"wp-block-woocommerce-product-price\" ><div class=\"wc-block-components-product-price wc-block-grid__product-price has-text-align-center has-font-size has-small-font-size has-text-align-center\" style=\"\" >\n\t\t\t\t\t<span class=\"woocommerce-Price-amount amount\"><bdi><span class=\"woocommerce-Price-currencySymbol\">&#36;<\/span>250.00<\/bdi><\/span>\n\t\t\t\t<\/div><\/div>\n\n<div data-block-name=\"woocommerce\/product-button\" data-font-size=\"small\" data-is-descendent-of-query-loop=\"true\" data-text-align=\"center\" class=\"wp-block-button wc-block-components-product-button   align-center wp-block-woocommerce-product-button has-small-font-size\"\n\t\t\t\t\t\n\t\t\t\t\tdata-wp-context='{\"quantityToAdd\":1,\"productId\":1430,\"productType\":\"variable\",\"addToCartText\":\"Seleccionar opciones\",\"tempQuantity\":0,\"animationStatus\":\"IDLE\",\"inTheCartText\":\"### in cart\",\"noticeId\":\"\",\"hasPressedButton\":false}'\n\t\t\t\t>\n\t\t\t\t\t<a\n\t\t\t\t\t\tclass=\"wp-block-button__link wp-element-button wc-block-components-product-button__button add_to_cart_button product_type_variable has-font-size has-small-font-size has-text-align-center wc-interactive\"\n\t\t\t\t\t\tstyle=\"\"\n\t\t\t\t\t\thref=\"https:\/\/mayoreosdelcentro.com\/?product=sabana-de-muselina-para-bebe\" rel=\"nofollow\" data-product_id=\"1430\" data-product_sku=\"\" aria-label=\"Elige las opciones para &ldquo;Sabana de Muselina para Beb\u00e9&rdquo;\"\n\t\t\t\t\t\tdata-wp-on--click=\"woocommerce\/product-collection::actions.viewProduct\"\n\t\t\t\t\t>\n\t\t\t\t\t<span >Seleccionar opciones<\/span>\n\t\t\t\t\t<\/a>\n\t\t\t\t\t\n\t\t\t\t<\/div>\n\n\t\t\t\t<\/li><\/ul><\/div>\n","protected":false},"excerpt":{"rendered":"<p>El Arenal Uniformes: Una l\u00ednea de uniformes escolares para todos El Arenal Kids: Ropa y art\u00edculos para beb\u00e9 hechos de algod\u00f3n<\/p>\n","protected":false},"author":1,"featured_media":0,"parent":0,"menu_order":0,"comment_status":"closed","ping_status":"closed","template":"","meta":{"_monsterinsights_skip_tracking":false,"_monsterinsights_sitenote_active":false,"_monsterinsights_sitenote_note":"","_monsterinsights_sitenote_category":0,"footnotes":""},"class_list":["post-166","page","type-page","status-publish","hentry"],"jetpack_sharing_enabled":true,"_links":{"self":[{"href":"https:\/\/mayoreosdelcentro.com\/index.php?rest_route=\/wp\/v2\/pages\/166","targetHints":{"allow":["GET"]}}],"collection":[{"href":"https:\/\/mayoreosdelcentro.com\/index.php?rest_route=\/wp\/v2\/pages"}],"about":[{"href":"https:\/\/mayoreosdelcentro.com\/index.php?rest_route=\/wp\/v2\/types\/page"}],"author":[{"embeddable":true,"href":"https:\/\/mayoreosdelcentro.com\/index.php?rest_route=\/wp\/v2\/users\/1"}],"replies":[{"embeddable":true,"href":"https:\/\/mayoreosdelcentro.com\/index.php?rest_route=%2Fwp%2Fv2%2Fcomments&post=166"}],"version-history":[{"count":54,"href":"https:\/\/mayoreosdelcentro.com\/index.php?rest_route=\/wp\/v2\/pages\/166\/revisions"}],"predecessor-version":[{"id":2343,"href":"https:\/\/mayoreosdelcentro.com\/index.php?rest_route=\/wp\/v2\/pages\/166\/revisions\/2343"}],"wp:attachment":[{"href":"https:\/\/mayoreosdelcentro.com\/index.php?rest_route=%2Fwp%2Fv2%2Fmedia&parent=166"}],"curies":[{"name":"wp","href":"https:\/\/api.w.org\/{rel}","templated":true}]}}